{"id":5192,"date":"2026-05-01T08:23:48","date_gmt":"2026-05-01T08:23:48","guid":{"rendered":"https:\/\/miomucho.nl\/spargelmenu\/"},"modified":"2026-05-01T08:32:01","modified_gmt":"2026-05-01T08:32:01","slug":"spargelmenu","status":"publish","type":"page","link":"https:\/\/miomucho.nl\/de\/spargelmenu\/","title":{"rendered":"Spargelmen\u00fc"},"content":{"rendered":"<div class=\"wpb-content-wrapper\"><p>[vc_row][vc_column el_class=&#8220;lijn&#8220;][vc_column_text css=&#8220;&#8220;]<\/p>\n<div class=\"vc_row wpb_row vc_row-fluid\">\n<div class=\"lijn wpb_column vc_column_container vc_col-sm-12\">\n<div class=\"vc_column-inner\">\n<div class=\"wpb_wrapper\">\n<div class=\"wpb_text_column wpb_content_element \">\n<div class=\"wpb_wrapper\">\n<h1 style=\"text-align: center;\" data-start=\"52\" data-end=\"95\">Spargelmen\u00fc<\/h1>\n<p style=\"text-align: center;\" data-start=\"97\" data-end=\"281\">Genie\u00dfen Sie das Beste der Saison mit unserem k\u00f6stlichen Spargelmen\u00fc. Unser frischer Spargel wird t\u00e4glich ausgew\u00e4hlt und zu k\u00f6stlichen Gerichten mit klassischem und modernem Touch verarbeitet.<\/p>\n<p style=\"text-align: center;\" data-start=\"283\" data-end=\"468\">Genie\u00dfen Sie ein raffiniertes Men\u00fc mit beispielsweise cremiger Spargelsuppe, wei\u00dfem Spargel mit Schinken oder Fisch und einem passenden Dessert. Ideal f\u00fcr ein gem\u00fctliches Abendessen oder einen besonderen Anlass.<\/p>\n<p style=\"text-align: center;\" data-start=\"470\" data-end=\"526\">Reservieren Sie jetzt und entdecken Sie den unverf\u00e4lschten Geschmack von frischem Spargel!<\/p>\n<\/div>\n<\/div>\n<\/div>\n<\/div>\n<\/div>\n<\/div>\n<p>[\/vc_column_text][vc_empty_space][vc_row_inner][vc_column_inner][vc_column_text css=&#8220;&#8220;]<\/p>\n<div class=\"wpb_column vc_column_container vc_col-sm-3\">\n<div class=\"vc_column-inner\">\n<div class=\"wpb_wrapper\" style=\"text-align: center;\"><\/div>\n<\/div>\n<\/div>\n<div class=\"wpb_column vc_column_container vc_col-sm-6\">\n<div class=\"vc_column-inner\">\n<div class=\"wpb_wrapper\">\n<div class=\"wpb_text_column wpb_content_element \">\n<div class=\"wpb_wrapper\">\n<h3 style=\"text-align: center;\">VORSPEISE<\/h3>\n<p style=\"text-align: center;\"><strong>MIO MUCHO Spargelsuppe<\/strong><br \/>\nCremige Suppe aus wei\u00dfem Spargel mit hauchd\u00fcnn geschnittenem<br \/>\nBellota-Schinken, Ei, Spargelst\u00fcckchen, Petersilie und Schnittlauch\u00f6<br \/>\n\u20ac 8.50<\/p>\n<p style=\"text-align: center;\"><strong>GEGRILLTER SPARGEL &amp; BELLOTA (42 MONATE HAUSREIF)<\/strong><br \/>\nGrillierter wei\u00dfer Spargel mit Bellota-Schinken, Eigelbcreme,<br \/>\nger\u00f6steten Mandeln, Feldsalat und einem milden Balsamico<br \/>\n\u20ac 14.50<\/p>\n<h3 style=\"text-align: center;\">HAUPTGERICHTE<\/h3>\n<p style=\"text-align: center;\"><strong>SPARGEL VOM JOSPER<\/strong><br \/>\nWei\u00dfe Spargel mit Garnelen vom Josper-Grill, cremiger Hollandaise-<br \/>\nSauce, Ei, Borretsch, Kerbel und einem gr\u00fcnen Kr\u00e4uter-Crumble<br \/>\n\u20ac 31.50<\/p>\n<p style=\"text-align: center;\"><strong>SPARGEL &amp; RIBEYE VOM GRILL<\/strong><br \/>\nWei\u00dfe Spargel mit gegrilltem Ribeye, Hollandaise-Sauce,<br \/>\nCebo-Crumble, Schnittlauch, Ei und Kerbel<br \/>\n\u20ac 32.50<\/p>\n<h3 style=\"text-align: center;\">DESSERT<\/h3>\n<p style=\"text-align: center;\"><strong>MANGO-PASSIONSFRUCHT-K\u00c4SEKUCHEN<\/strong><br \/>\nCremiger K\u00e4sekuchen mit Mango und Passionsfrucht, serviert mit<br \/>\nwei\u00dfem Schokoladeneis und frischen Erdbeeren<br \/>\n\u20ac 11.50<\/p>\n<p style=\"text-align: center;\">\n<\/div>\n<\/div>\n<\/div>\n<\/div>\n<\/div>\n<p>[\/vc_column_text][\/vc_column_inner][\/vc_row_inner][\/vc_column][\/vc_row]<\/p>\n<\/div>","protected":false},"excerpt":{"rendered":"<p>[vc_row][vc_column el_class=&#8220;lijn&#8220;][vc_column_text css=&#8220;&#8220;] Spargelmen\u00fc Genie\u00dfen Sie das Beste der Saison mit unserem k\u00f6stlichen Spargelmen\u00fc. Unser frischer Spargel wird t\u00e4glich ausgew\u00e4hlt und zu k\u00f6stlichen Gerichten mit klassischem und modernem Touch verarbeitet. Genie\u00dfen Sie ein raffiniertes Men\u00fc mit beispielsweise cremiger Spargelsuppe, wei\u00dfem Spargel mit Schinken oder Fisch und einem passenden Dessert. Ideal f\u00fcr ein gem\u00fctliches Abendessen oder&hellip;<\/p>\n","protected":false},"author":1,"featured_media":0,"parent":0,"menu_order":0,"comment_status":"closed","ping_status":"closed","template":"","meta":{"footnotes":""},"class_list":["post-5192","page","type-page","status-publish","hentry","description-off"],"yoast_head":"<!-- This site is optimized with the Yoast SEO plugin v27.5 - https:\/\/yoast.com\/product\/yoast-seo-wordpress\/ -->\n<title>Mio Mucho \u2013 Spargelmen\u00fc<\/title>\n<meta name=\"description\" content=\"Genie\u00dfen Sie das Beste der Saison mit unserem k\u00f6stlichen Spargelmen\u00fc. Reservieren Sie jetzt und entdecken Sie den frischem Spargel!\" \/>\n<meta name=\"robots\" content=\"index, follow, max-snippet:-1, max-image-preview:large, max-video-preview:-1\" \/>\n<link rel=\"canonical\" href=\"https:\/\/miomucho.nl\/de\/spargelmenu\/\" \/>\n<meta property=\"og:locale\" content=\"de_DE\" \/>\n<meta property=\"og:type\" content=\"article\" \/>\n<meta property=\"og:title\" content=\"Mio Mucho \u2013 Spargelmen\u00fc\" \/>\n<meta property=\"og:description\" content=\"Genie\u00dfen Sie das Beste der Saison mit unserem k\u00f6stlichen Spargelmen\u00fc. Reservieren Sie jetzt und entdecken Sie den frischem Spargel!\" \/>\n<meta property=\"og:url\" content=\"https:\/\/miomucho.nl\/de\/spargelmenu\/\" \/>\n<meta property=\"og:site_name\" content=\"Mio Mucho - Restaurant &amp; terras\" \/>\n<meta property=\"article:modified_time\" content=\"2026-05-01T08:32:01+00:00\" \/>\n<meta name=\"twitter:card\" content=\"summary_large_image\" \/>\n<meta name=\"twitter:label1\" content=\"Gesch\u00e4tzte Lesezeit\" \/>\n\t<meta name=\"twitter:data1\" content=\"1\u00a0Minute\" \/>\n<script type=\"application\/ld+json\" class=\"yoast-schema-graph\">{\"@context\":\"https:\\\/\\\/schema.org\",\"@graph\":[{\"@type\":\"WebPage\",\"@id\":\"https:\\\/\\\/miomucho.nl\\\/de\\\/spargelmenu\\\/\",\"url\":\"https:\\\/\\\/miomucho.nl\\\/de\\\/spargelmenu\\\/\",\"name\":\"Mio Mucho \u2013 Spargelmen\u00fc\",\"isPartOf\":{\"@id\":\"https:\\\/\\\/miomucho.nl\\\/#website\"},\"datePublished\":\"2026-05-01T08:23:48+00:00\",\"dateModified\":\"2026-05-01T08:32:01+00:00\",\"description\":\"Genie\u00dfen Sie das Beste der Saison mit unserem k\u00f6stlichen Spargelmen\u00fc. Reservieren Sie jetzt und entdecken Sie den frischem Spargel!\",\"breadcrumb\":{\"@id\":\"https:\\\/\\\/miomucho.nl\\\/de\\\/spargelmenu\\\/#breadcrumb\"},\"inLanguage\":\"de\",\"potentialAction\":[{\"@type\":\"ReadAction\",\"target\":[\"https:\\\/\\\/miomucho.nl\\\/de\\\/spargelmenu\\\/\"]}]},{\"@type\":\"BreadcrumbList\",\"@id\":\"https:\\\/\\\/miomucho.nl\\\/de\\\/spargelmenu\\\/#breadcrumb\",\"itemListElement\":[{\"@type\":\"ListItem\",\"position\":1,\"name\":\"Home\",\"item\":\"https:\\\/\\\/miomucho.nl\\\/de\\\/\"},{\"@type\":\"ListItem\",\"position\":2,\"name\":\"Spargelmen\u00fc\"}]},{\"@type\":\"WebSite\",\"@id\":\"https:\\\/\\\/miomucho.nl\\\/#website\",\"url\":\"https:\\\/\\\/miomucho.nl\\\/\",\"name\":\"Mio Mucho - Restaurant &amp; terras\",\"description\":\"Genieten aan het Leukermeer\",\"potentialAction\":[{\"@type\":\"SearchAction\",\"target\":{\"@type\":\"EntryPoint\",\"urlTemplate\":\"https:\\\/\\\/miomucho.nl\\\/?s={search_term_string}\"},\"query-input\":{\"@type\":\"PropertyValueSpecification\",\"valueRequired\":true,\"valueName\":\"search_term_string\"}}],\"inLanguage\":\"de\"}]}<\/script>\n<!-- \/ Yoast SEO plugin. -->","yoast_head_json":{"title":"Mio Mucho \u2013 Spargelmen\u00fc","description":"Genie\u00dfen Sie das Beste der Saison mit unserem k\u00f6stlichen Spargelmen\u00fc. Reservieren Sie jetzt und entdecken Sie den frischem Spargel!","robots":{"index":"index","follow":"follow","max-snippet":"max-snippet:-1","max-image-preview":"max-image-preview:large","max-video-preview":"max-video-preview:-1"},"canonical":"https:\/\/miomucho.nl\/de\/spargelmenu\/","og_locale":"de_DE","og_type":"article","og_title":"Mio Mucho \u2013 Spargelmen\u00fc","og_description":"Genie\u00dfen Sie das Beste der Saison mit unserem k\u00f6stlichen Spargelmen\u00fc. Reservieren Sie jetzt und entdecken Sie den frischem Spargel!","og_url":"https:\/\/miomucho.nl\/de\/spargelmenu\/","og_site_name":"Mio Mucho - Restaurant &amp; terras","article_modified_time":"2026-05-01T08:32:01+00:00","twitter_card":"summary_large_image","twitter_misc":{"Gesch\u00e4tzte Lesezeit":"1\u00a0Minute"},"schema":{"@context":"https:\/\/schema.org","@graph":[{"@type":"WebPage","@id":"https:\/\/miomucho.nl\/de\/spargelmenu\/","url":"https:\/\/miomucho.nl\/de\/spargelmenu\/","name":"Mio Mucho \u2013 Spargelmen\u00fc","isPartOf":{"@id":"https:\/\/miomucho.nl\/#website"},"datePublished":"2026-05-01T08:23:48+00:00","dateModified":"2026-05-01T08:32:01+00:00","description":"Genie\u00dfen Sie das Beste der Saison mit unserem k\u00f6stlichen Spargelmen\u00fc. Reservieren Sie jetzt und entdecken Sie den frischem Spargel!","breadcrumb":{"@id":"https:\/\/miomucho.nl\/de\/spargelmenu\/#breadcrumb"},"inLanguage":"de","potentialAction":[{"@type":"ReadAction","target":["https:\/\/miomucho.nl\/de\/spargelmenu\/"]}]},{"@type":"BreadcrumbList","@id":"https:\/\/miomucho.nl\/de\/spargelmenu\/#breadcrumb","itemListElement":[{"@type":"ListItem","position":1,"name":"Home","item":"https:\/\/miomucho.nl\/de\/"},{"@type":"ListItem","position":2,"name":"Spargelmen\u00fc"}]},{"@type":"WebSite","@id":"https:\/\/miomucho.nl\/#website","url":"https:\/\/miomucho.nl\/","name":"Mio Mucho - Restaurant &amp; terras","description":"Genieten aan het Leukermeer","potentialAction":[{"@type":"SearchAction","target":{"@type":"EntryPoint","urlTemplate":"https:\/\/miomucho.nl\/?s={search_term_string}"},"query-input":{"@type":"PropertyValueSpecification","valueRequired":true,"valueName":"search_term_string"}}],"inLanguage":"de"}]}},"_links":{"self":[{"href":"https:\/\/miomucho.nl\/de\/wp-json\/wp\/v2\/pages\/5192","targetHints":{"allow":["GET"]}}],"collection":[{"href":"https:\/\/miomucho.nl\/de\/wp-json\/wp\/v2\/pages"}],"about":[{"href":"https:\/\/miomucho.nl\/de\/wp-json\/wp\/v2\/types\/page"}],"author":[{"embeddable":true,"href":"https:\/\/miomucho.nl\/de\/wp-json\/wp\/v2\/users\/1"}],"replies":[{"embeddable":true,"href":"https:\/\/miomucho.nl\/de\/wp-json\/wp\/v2\/comments?post=5192"}],"version-history":[{"count":5,"href":"https:\/\/miomucho.nl\/de\/wp-json\/wp\/v2\/pages\/5192\/revisions"}],"predecessor-version":[{"id":5198,"href":"https:\/\/miomucho.nl\/de\/wp-json\/wp\/v2\/pages\/5192\/revisions\/5198"}],"wp:attachment":[{"href":"https:\/\/miomucho.nl\/de\/wp-json\/wp\/v2\/media?parent=5192"}],"curies":[{"name":"wp","href":"https:\/\/api.w.org\/{rel}","templated":true}]}}