{"id":5100,"date":"2026-02-08T15:50:26","date_gmt":"2026-02-08T15:50:26","guid":{"rendered":"https:\/\/miomucho.nl\/stellenangebote\/"},"modified":"2026-02-09T18:39:10","modified_gmt":"2026-02-09T18:39:10","slug":"stellenangebote","status":"publish","type":"page","link":"https:\/\/miomucho.nl\/de\/stellenangebote\/","title":{"rendered":"Stellenangebote"},"content":{"rendered":"<div class=\"wpb-content-wrapper\"><p>[vc_row][vc_column width=&#8220;2\/3&#8243;][vc_column_text css=&#8220;&#8220;]<\/p>\n<h1><b>Stellenangebote<\/b><\/h1>\n<p><b>Arbeiten im Servicebereich an einem stilvollen und gastfreundlichen Ort.<\/b><\/p>\n<p>Sind Sie gastfreundlich, repr\u00e4sentativ und arbeiten Sie gerne in einem stimmungsvollen Gastronomiebetrieb, in dem Qualit\u00e4t und Erlebnis im Mittelpunkt stehen? Dann sucht das Restaurant Mio Mucho genau Sie.<\/p>\n<p>Mio Mucho ist ein modernes und gem\u00fctliches Restaurant mit mediterranem Flair, in das G\u00e4ste wegen des guten Essens, der sch\u00f6nen Weine und des pers\u00f6nlichen Services kommen. Wir streben ein entspanntes, aber raffiniertes Erlebnis an \u2013 und dabei spielt unser Serviceteam eine gro\u00dfe Rolle.<\/p>\n<p><b>Wir suchen derzeit:<\/b><\/p>\n<p><b>Servicemitarbeiter (Vollzeit\/Teilzeit)<\/b><\/p>\n<p>Sie sorgen daf\u00fcr, dass sich unsere G\u00e4ste vom ersten Moment an willkommen f\u00fchlen. Sie nehmen Bestellungen auf, servieren Speisen und Getr\u00e4nke und haben ein Auge f\u00fcrs Detail und guten Service. Erfahrung ist von Vorteil, aber kein Muss \u2013 Gastfreundschaft und eine professionelle Einstellung sind f\u00fcr uns am wichtigsten.<\/p>\n<p><b>Was k\u00f6nnen Sie von uns erwarten?<\/b><\/p>\n<ul>\n<li>Arbeiten in einem stilvollen, ruhigen und hochwertigen Gastronomieumfeld<\/li>\n<li>Ein nettes und professionelles Team<\/li>\n<li>Flexible Arbeitszeiten (nach Absprache, Vollzeit oder Teilzeit)<\/li>\n<li>Raum zum Lernen, zur pers\u00f6nlichen Entwicklung und zum Weiterkommen<\/li>\n<li>Markt\u00fcbliche Konditionen und eine angenehme Arbeitsatmosph\u00e4re<\/li>\n<\/ul>\n<p>Ob Sie bereits Erfahrung im Servicebereich haben, eine neue Herausforderung suchen oder gerade am Anfang Ihrer Karriere in der Gastronomie stehen: Wenn Sie motiviert sind und Freude daran haben, G\u00e4ste zu verw\u00f6hnen, passen Sie zu Mio Mucho.<\/p>\n<p><b>Interessiert?<\/b><\/p>\n<p>Nimm gerne Kontakt mit uns auf oder bewirb dich direkt \u00fcber <a href=\"mailto:info@miomucho.nl\">info@miomucho.nl<\/a> zu H\u00e4nden von Tom v. Heijster. Oder komm einfach vorbei, um uns kennenzulernen. Wir erz\u00e4hlen dir gerne mehr \u00fcber die M\u00f6glichkeiten und schauen gemeinsam, was zu dir passt.<\/p>\n<p>Bei Mio Mucho zu arbeiten bedeutet, mit Aufmerksamkeit, Stil und Leidenschaft f\u00fcr Gastfreundschaft zu arbeiten. Wir freuen uns auf deine Bewerbung![\/vc_column_text][\/vc_column][vc_column width=&#8220;1\/3&#8243;]<style type=\"text\/css\" data-type=\"the7_shortcodes-inline-css\">.shortcode-single-image-wrap.shortcode-single-image-090e925ce6a700f97e204019f40238ce.enable-bg-rollover .rollover i,\n.shortcode-single-image-wrap.shortcode-single-image-090e925ce6a700f97e204019f40238ce.enable-bg-rollover .rollover-video i {\n  background: -webkit-linear-gradient();\n  background: linear-gradient();\n}\n.shortcode-single-image-wrap.shortcode-single-image-090e925ce6a700f97e204019f40238ce .rollover-icon {\n  font-size: 32px;\n  color: #ffffff;\n  min-width: 44px;\n  min-height: 44px;\n  line-height: 44px;\n  border-radius: 100px;\n  border-style: solid;\n  border-width: 0px;\n}\n.dt-icon-bg-on.shortcode-single-image-wrap.shortcode-single-image-090e925ce6a700f97e204019f40238ce .rollover-icon {\n  background: rgba(255,255,255,0.3);\n  box-shadow: none;\n}<\/style><div class=\"shortcode-single-image-wrap shortcode-single-image-090e925ce6a700f97e204019f40238ce alignnone  enable-bg-rollover dt-icon-bg-off\" style=\"margin-top:0px; margin-bottom:0px; margin-left:0px; margin-right:0px; width:500px;\"><div class=\"shortcode-single-image\"><div class=\"fancy-media-wrap\" style=\"\"><img loading=\"lazy\" decoding=\"async\" class=\"preload-me aspect\" src=\"https:\/\/miomucho.nl\/wp-content\/uploads\/2025\/05\/SPARK_20220811_1358_LEUKERMEER_2012-500x333.jpg\" srcset=\"https:\/\/miomucho.nl\/wp-content\/uploads\/2025\/05\/SPARK_20220811_1358_LEUKERMEER_2012-500x333.jpg 500w, https:\/\/miomucho.nl\/wp-content\/uploads\/2025\/05\/SPARK_20220811_1358_LEUKERMEER_2012-1000x666.jpg 1000w\" sizes=\"auto, (max-width: 500px) 100vw, 500px\" width=\"500\" height=\"333\"  data-dt-location=\"https:\/\/miomucho.nl\/de\/home\/spark_20220811_1358_leukermeer_2012\/\" style=\"--ratio: 500 \/ 333;\" alt=\"Mio Mucho terras\" \/><\/div><\/div><\/div><style type=\"text\/css\" data-type=\"the7_shortcodes-inline-css\">.shortcode-single-image-wrap.shortcode-single-image-c2671222048f726a9ccef66ef3c8a8c5.enable-bg-rollover .rollover i,\n.shortcode-single-image-wrap.shortcode-single-image-c2671222048f726a9ccef66ef3c8a8c5.enable-bg-rollover .rollover-video i {\n  background: -webkit-linear-gradient();\n  background: linear-gradient();\n}\n.shortcode-single-image-wrap.shortcode-single-image-c2671222048f726a9ccef66ef3c8a8c5 .rollover-icon {\n  font-size: 32px;\n  color: #ffffff;\n  min-width: 44px;\n  min-height: 44px;\n  line-height: 44px;\n  border-radius: 100px;\n  border-style: solid;\n  border-width: 0px;\n}\n.dt-icon-bg-on.shortcode-single-image-wrap.shortcode-single-image-c2671222048f726a9ccef66ef3c8a8c5 .rollover-icon {\n  background: rgba(255,255,255,0.3);\n  box-shadow: none;\n}<\/style><div class=\"shortcode-single-image-wrap shortcode-single-image-c2671222048f726a9ccef66ef3c8a8c5 alignnone  enable-bg-rollover dt-icon-bg-off\" style=\"margin-top:0px; margin-bottom:0px; margin-left:0px; margin-right:0px; width:500px;\"><div class=\"shortcode-single-image\"><div class=\"fancy-media-wrap\" style=\"\"><img loading=\"lazy\" decoding=\"async\" class=\"preload-me aspect\" src=\"https:\/\/miomucho.nl\/wp-content\/uploads\/2025\/05\/SPARK_20220811_1400_LEUKERMEER_9691-500x333.jpg\" srcset=\"https:\/\/miomucho.nl\/wp-content\/uploads\/2025\/05\/SPARK_20220811_1400_LEUKERMEER_9691-500x333.jpg 500w, https:\/\/miomucho.nl\/wp-content\/uploads\/2025\/05\/SPARK_20220811_1400_LEUKERMEER_9691-1000x666.jpg 1000w\" sizes=\"auto, (max-width: 500px) 100vw, 500px\" width=\"500\" height=\"333\"  data-dt-location=\"https:\/\/miomucho.nl\/de\/home\/spark_20220811_1400_leukermeer_9691\/\" style=\"--ratio: 500 \/ 333;\" alt=\"Mio Mucho terras\" \/><\/div><\/div><\/div>[\/vc_column][\/vc_row]<\/p>\n<\/div>","protected":false},"excerpt":{"rendered":"<p>[vc_row][vc_column width=&#8220;2\/3&#8243;][vc_column_text css=&#8220;&#8220;] Stellenangebote Arbeiten im Servicebereich an einem stilvollen und gastfreundlichen Ort. Sind Sie gastfreundlich, repr\u00e4sentativ und arbeiten Sie gerne in einem stimmungsvollen Gastronomiebetrieb, in dem Qualit\u00e4t und Erlebnis im Mittelpunkt stehen? Dann sucht das Restaurant Mio Mucho genau Sie. Mio Mucho ist ein modernes und gem\u00fctliches Restaurant mit mediterranem Flair, in das G\u00e4ste&hellip;<\/p>\n","protected":false},"author":1,"featured_media":0,"parent":0,"menu_order":0,"comment_status":"closed","ping_status":"closed","template":"","meta":{"footnotes":""},"class_list":["post-5100","page","type-page","status-publish","hentry","description-off"],"yoast_head":"<!-- This site is optimized with the Yoast SEO plugin v27.4 - https:\/\/yoast.com\/product\/yoast-seo-wordpress\/ -->\n<title>Mio Mucho \u2013 Stellenangebote<\/title>\n<meta name=\"description\" content=\"Ob Sie Erfahrung im Gastgewerbe haben oder am Anfang Ihrer Karriere stehen, bei uns erhalten Sie Raum, sich zu entfalten und Teil eines Teams zu werden.\" \/>\n<meta name=\"robots\" content=\"index, follow, max-snippet:-1, max-image-preview:large, max-video-preview:-1\" \/>\n<link rel=\"canonical\" href=\"https:\/\/miomucho.nl\/de\/stellenangebote\/\" \/>\n<meta property=\"og:locale\" content=\"de_DE\" \/>\n<meta property=\"og:type\" content=\"article\" \/>\n<meta property=\"og:title\" content=\"Mio Mucho \u2013 Stellenangebote\" \/>\n<meta property=\"og:description\" content=\"Ob Sie Erfahrung im Gastgewerbe haben oder am Anfang Ihrer Karriere stehen, bei uns erhalten Sie Raum, sich zu entfalten und Teil eines Teams zu werden.\" \/>\n<meta property=\"og:url\" content=\"https:\/\/miomucho.nl\/de\/stellenangebote\/\" \/>\n<meta property=\"og:site_name\" content=\"Mio Mucho - Restaurant &amp; terras\" \/>\n<meta property=\"article:modified_time\" content=\"2026-02-09T18:39:10+00:00\" \/>\n<meta name=\"twitter:card\" content=\"summary_large_image\" \/>\n<meta name=\"twitter:label1\" content=\"Gesch\u00e4tzte Lesezeit\" \/>\n\t<meta name=\"twitter:data1\" content=\"2\u00a0Minuten\" \/>\n<script type=\"application\/ld+json\" class=\"yoast-schema-graph\">{\"@context\":\"https:\\\/\\\/schema.org\",\"@graph\":[{\"@type\":\"WebPage\",\"@id\":\"https:\\\/\\\/miomucho.nl\\\/de\\\/stellenangebote\\\/\",\"url\":\"https:\\\/\\\/miomucho.nl\\\/de\\\/stellenangebote\\\/\",\"name\":\"Mio Mucho \u2013 Stellenangebote\",\"isPartOf\":{\"@id\":\"https:\\\/\\\/miomucho.nl\\\/#website\"},\"datePublished\":\"2026-02-08T15:50:26+00:00\",\"dateModified\":\"2026-02-09T18:39:10+00:00\",\"description\":\"Ob Sie Erfahrung im Gastgewerbe haben oder am Anfang Ihrer Karriere stehen, bei uns erhalten Sie Raum, sich zu entfalten und Teil eines Teams zu werden.\",\"breadcrumb\":{\"@id\":\"https:\\\/\\\/miomucho.nl\\\/de\\\/stellenangebote\\\/#breadcrumb\"},\"inLanguage\":\"de\",\"potentialAction\":[{\"@type\":\"ReadAction\",\"target\":[\"https:\\\/\\\/miomucho.nl\\\/de\\\/stellenangebote\\\/\"]}]},{\"@type\":\"BreadcrumbList\",\"@id\":\"https:\\\/\\\/miomucho.nl\\\/de\\\/stellenangebote\\\/#breadcrumb\",\"itemListElement\":[{\"@type\":\"ListItem\",\"position\":1,\"name\":\"Home\",\"item\":\"https:\\\/\\\/miomucho.nl\\\/de\\\/\"},{\"@type\":\"ListItem\",\"position\":2,\"name\":\"Stellenangebote\"}]},{\"@type\":\"WebSite\",\"@id\":\"https:\\\/\\\/miomucho.nl\\\/#website\",\"url\":\"https:\\\/\\\/miomucho.nl\\\/\",\"name\":\"Mio Mucho - Restaurant &amp; terras\",\"description\":\"Genieten aan het Leukermeer\",\"potentialAction\":[{\"@type\":\"SearchAction\",\"target\":{\"@type\":\"EntryPoint\",\"urlTemplate\":\"https:\\\/\\\/miomucho.nl\\\/?s={search_term_string}\"},\"query-input\":{\"@type\":\"PropertyValueSpecification\",\"valueRequired\":true,\"valueName\":\"search_term_string\"}}],\"inLanguage\":\"de\"}]}<\/script>\n<!-- \/ Yoast SEO plugin. -->","yoast_head_json":{"title":"Mio Mucho \u2013 Stellenangebote","description":"Ob Sie Erfahrung im Gastgewerbe haben oder am Anfang Ihrer Karriere stehen, bei uns erhalten Sie Raum, sich zu entfalten und Teil eines Teams zu werden.","robots":{"index":"index","follow":"follow","max-snippet":"max-snippet:-1","max-image-preview":"max-image-preview:large","max-video-preview":"max-video-preview:-1"},"canonical":"https:\/\/miomucho.nl\/de\/stellenangebote\/","og_locale":"de_DE","og_type":"article","og_title":"Mio Mucho \u2013 Stellenangebote","og_description":"Ob Sie Erfahrung im Gastgewerbe haben oder am Anfang Ihrer Karriere stehen, bei uns erhalten Sie Raum, sich zu entfalten und Teil eines Teams zu werden.","og_url":"https:\/\/miomucho.nl\/de\/stellenangebote\/","og_site_name":"Mio Mucho - Restaurant &amp; terras","article_modified_time":"2026-02-09T18:39:10+00:00","twitter_card":"summary_large_image","twitter_misc":{"Gesch\u00e4tzte Lesezeit":"2\u00a0Minuten"},"schema":{"@context":"https:\/\/schema.org","@graph":[{"@type":"WebPage","@id":"https:\/\/miomucho.nl\/de\/stellenangebote\/","url":"https:\/\/miomucho.nl\/de\/stellenangebote\/","name":"Mio Mucho \u2013 Stellenangebote","isPartOf":{"@id":"https:\/\/miomucho.nl\/#website"},"datePublished":"2026-02-08T15:50:26+00:00","dateModified":"2026-02-09T18:39:10+00:00","description":"Ob Sie Erfahrung im Gastgewerbe haben oder am Anfang Ihrer Karriere stehen, bei uns erhalten Sie Raum, sich zu entfalten und Teil eines Teams zu werden.","breadcrumb":{"@id":"https:\/\/miomucho.nl\/de\/stellenangebote\/#breadcrumb"},"inLanguage":"de","potentialAction":[{"@type":"ReadAction","target":["https:\/\/miomucho.nl\/de\/stellenangebote\/"]}]},{"@type":"BreadcrumbList","@id":"https:\/\/miomucho.nl\/de\/stellenangebote\/#breadcrumb","itemListElement":[{"@type":"ListItem","position":1,"name":"Home","item":"https:\/\/miomucho.nl\/de\/"},{"@type":"ListItem","position":2,"name":"Stellenangebote"}]},{"@type":"WebSite","@id":"https:\/\/miomucho.nl\/#website","url":"https:\/\/miomucho.nl\/","name":"Mio Mucho - Restaurant &amp; terras","description":"Genieten aan het Leukermeer","potentialAction":[{"@type":"SearchAction","target":{"@type":"EntryPoint","urlTemplate":"https:\/\/miomucho.nl\/?s={search_term_string}"},"query-input":{"@type":"PropertyValueSpecification","valueRequired":true,"valueName":"search_term_string"}}],"inLanguage":"de"}]}},"_links":{"self":[{"href":"https:\/\/miomucho.nl\/de\/wp-json\/wp\/v2\/pages\/5100","targetHints":{"allow":["GET"]}}],"collection":[{"href":"https:\/\/miomucho.nl\/de\/wp-json\/wp\/v2\/pages"}],"about":[{"href":"https:\/\/miomucho.nl\/de\/wp-json\/wp\/v2\/types\/page"}],"author":[{"embeddable":true,"href":"https:\/\/miomucho.nl\/de\/wp-json\/wp\/v2\/users\/1"}],"replies":[{"embeddable":true,"href":"https:\/\/miomucho.nl\/de\/wp-json\/wp\/v2\/comments?post=5100"}],"version-history":[{"count":10,"href":"https:\/\/miomucho.nl\/de\/wp-json\/wp\/v2\/pages\/5100\/revisions"}],"predecessor-version":[{"id":5121,"href":"https:\/\/miomucho.nl\/de\/wp-json\/wp\/v2\/pages\/5100\/revisions\/5121"}],"wp:attachment":[{"href":"https:\/\/miomucho.nl\/de\/wp-json\/wp\/v2\/media?parent=5100"}],"curies":[{"name":"wp","href":"https:\/\/api.w.org\/{rel}","templated":true}]}}