{"id":4349,"date":"2024-04-02T17:04:04","date_gmt":"2024-04-02T17:04:04","guid":{"rendered":"https:\/\/miomucho.nl\/speisekarte-2\/"},"modified":"2026-05-01T08:01:51","modified_gmt":"2026-05-01T08:01:51","slug":"speisekarte","status":"publish","type":"page","link":"https:\/\/miomucho.nl\/de\/speisekarte\/","title":{"rendered":"Speisekarte"},"content":{"rendered":"<div class=\"wpb-content-wrapper\"><p>[vc_row][vc_column el_class=&#8220;lijn&#8220;][vc_column_text css=&#8220;&#8220;]<\/p>\n<h1 data-start=\"305\" data-end=\"369\">Speisekarte<\/h1>\n<p class=\"\" data-start=\"305\" data-end=\"369\"><strong data-start=\"305\" data-end=\"369\">Abendessen im Mio Mucho \u2013 Kulinarischer Genuss am Leukermeer<\/strong><\/p>\n<p class=\"\" data-start=\"371\" data-end=\"688\">Wenn der Abend hereinbricht, erwacht <em data-start=\"408\" data-end=\"419\">Mio Mucho<\/em> \u2013 das stimmungsvolle Grillrestaurant am <a href=\"http:\/\/www.leukermeer.nl\" target=\"_blank\" rel=\"noopener\">Leukermeer<\/a> \u2013 zum Leben. Sanftes Kerzenlicht, das leise Stimmengewirr der G\u00e4ste und der verf\u00fchrerische Duft von frisch gegrilltem Fleisch und Fisch schaffen die perfekte Atmosph\u00e4re f\u00fcr ein unvergessliches Abendessen mit Seeblick.<\/p>\n<p class=\"\" data-start=\"690\" data-end=\"742\"><strong data-start=\"690\" data-end=\"742\">Abendessen in einzigartiger Atmosph\u00e4re am Wasser<\/strong><\/p>\n<p class=\"\" data-start=\"744\" data-end=\"1086\">Im <em data-start=\"747\" data-end=\"758\">Mio Mucho<\/em> dreht sich alles um Genuss und Gastfreundschaft. Erleben Sie einen entspannten Abend in stilvollem Ambiente, bei dem Handwerkskunst und kulinarische Leidenschaft im Mittelpunkt stehen. Ob romantisches Dinner zu zweit oder ein gem\u00fctlicher Abend mit Freunden oder Familie \u2013 hier genie\u00dfen Sie ein besonderes Abendessen in Limburg.<\/p>\n<p class=\"\" data-start=\"1088\" data-end=\"1154\"><strong data-start=\"1088\" data-end=\"1154\">Hausgemachte Grillgerichte \u2013 frisch, hochwertig, geschmackvoll<\/strong><\/p>\n<p class=\"\" data-start=\"1156\" data-end=\"1436\">Lassen Sie sich von unseren Spezialit\u00e4ten vom Josper-Grill verw\u00f6hnen \u2013 mit hochwertigen, tagesfrischen Zutaten und viel Liebe zum Detail zubereitet. Von zart gegrilltem Entrec\u00f4te \u00fcber w\u00fcrzige Garnelen bis hin zu feinen Beilagen \u2013 jedes Gericht ist ein Geschmackserlebnis f\u00fcr sich.<\/p>\n<p class=\"\" data-start=\"1438\" data-end=\"1488\"><strong data-start=\"1438\" data-end=\"1488\">Jetzt Tisch reservieren und den Abend genie\u00dfen<\/strong><\/p>\n<p class=\"\" data-start=\"1490\" data-end=\"1701\">Beenden Sie Ihren Tag mit einem genussvollen Abendessen am Wasser \u2013 voller Geschmack, Atmosph\u00e4re und Herzlichkeit. Besuchen Sie <em data-start=\"1618\" data-end=\"1629\">Mio Mucho<\/em> am Leukermeer und entdecken Sie, warum unsere G\u00e4ste immer wiederkommen.<\/p>\n<p><a href=\"https:\/\/miomucho.nl\/de\/reservieren\/\">Reservieren<\/a> Sie jetzt und erleben Sie einen kulinarischen Abend voller Genuss und Stimmung.<\/p>\n<p>[\/vc_column_text][vc_empty_space][\/vc_column][\/vc_row][vc_row][vc_column width=&#8220;1\/2&#8243; el_class=&#8220;lijn&#8220;][vc_column_text css=&#8220;&#8220; el_class=&#8220;lijn&#8220;]<\/p>\n<h3>BROT<\/h3>\n<p>Frisch gebackenes Brot, serviert mit hausgemachter Aioli<br \/>\n\u20ac 7,50<\/p>\n<h3>AUSTERN<\/h3>\n<p><b>Austern<br \/>\n<\/b>Auswahl von 3 oder 6 St\u00fcck, serviert mit Limetten-Mango Schaum<br \/>\n\u20ac 10,50\u00a0 \/ \u20ac 21,00<\/p>\n<h3>VORSPEISEN<\/h3>\n<p><b>Carpaccio Mio Mucho<br \/>\n<\/b>Rindercarpaccio mit Tr\u00fcffelmayo, Olivencrumble, Balsamico, Parmesan, Rucola und ger\u00f6steten Mandelbl\u00e4ttchen<br \/>\n\u20ac 13,50<\/p>\n<p><b>Zart gegarter Schweinebauch<br \/>\n<\/b>Zart gegarter Schweinebauch mit Austernpilzen, Edamame-Bohnen, Gurkenstreifen, Wasabi- Creme, gebratenen Reisnudeln und Sesam-Kurkuma-Vinaigrette<br \/>\n\u20ac 14,50<\/p>\n<p><strong>Gegrillte Gambas aus dem Josper<br \/>\n<\/strong>Gegrillte Gambas aus dem Josper mit Knoblauch und roter Chili, serviert mit Focaccia, Rouille und Schnittlauch<br \/>\n\u20ac 14,00<\/p>\n<p><b>Thunfischtartar<br \/>\n<\/b>Thunfischtatar mit Tomatenbr\u00fche, Zitronengel, Radieschen, marinierten Tomaten und Ingwer<br \/>\n\u20ac 15,50<\/p>\n<p><strong>Aged Rote-Bete-Tatar (V)<br \/>\n<\/strong>Aged Rote-Bete-Tatar mit Essiggurkenmayonnaise, Schalotten, Kapern, Petersilie, Sauerrahm und Wachtelei<br \/>\n\u20ac12.50<\/p>\n<h3>SUPPEN<\/h3>\n<p><b>Ger\u00f6stete Tomaten-Paprika-Suppe aus dem Josper<br \/>\n<\/b>Sanft ger\u00e4ucherte Tomaten-Paprika-Suppe mit Frischzwiebeln und Basilikum\u00f6l<br \/>\n\u20ac 8,00<\/p>\n<p><b>Tagesuppe<br \/>\n<\/b>Tagesfrische Suppe<br \/>\n\u20ac 8,50<\/p>\n<h3>HAUPTGERICHTE \u2013 FISCH<\/h3>\n<p><b>Catch of the day<br \/>\n<\/b>T\u00e4glich frische Fisch mit passenden Beilagen und Saisoncreme<br \/>\nTagespreis<\/p>\n<p><b>Kabeljau von der Plancha<br \/>\n<\/b>Mit Zitronengra\u00dfbuttersauce, passenden Beilagen und Saisoncreme<br \/>\n\u20ac 29,00<\/p>\n<p><b>Tarbot aus dem Josper<br \/>\n<\/b>Wildfang-Tarbot, im Josper im Ganzen gegrillt, mit ger\u00e4ucherter Butter, Zitrone, Gem\u00fcsesahne, Kartoffelst\u00fcckchen und Schnittlauch<br \/>\n\u20ac 34,00<\/p>\n<p><strong>Salat chili Garneler<br \/>\n<\/strong>Gamba\u2019s aus dem Josper mit Knoblauch, Chili und Mango, serviert mit Fris\u00e9esalat,<br \/>\nSojabohnen, s\u00fc\u00df-saurer Gurke und knuspringem Nori<strong><br \/>\n<\/strong>\u20ac 24,50<\/p>\n<h3>HAUPTGERICHTE \u2013 FLEISCH<\/h3>\n<p><b>Fleischspezialit\u00e4t<br \/>\n<\/b>T\u00e4glich wechselndes Fleischgericht, sorgf\u00e4ltig zusammengestellt aus den besten Produkten der Saison.<br \/>\nTagespreis<\/p>\n<p><b>Ribeye aus dem Josper (250 g)<br \/>\n<\/b>Rinder-Ribeye, im Josper gegrillt, mit Chimichurri-Butter, passenden Beilagen und saisonaler Creme<br \/>\n\u20ac 28,50<\/p>\n<p><b>Perlhuhn<br \/>\n<\/b>Perlhuhn aus dem Josper mit Tr\u00fcffeljus, Beilagen und saisonaler Creme<br \/>\n\u20ac 28,50<\/p>\n<p><b>Gegrilltes Schweinerippchen<br \/>\n<\/b>Im Josper gegrilltes Schweinerippchen, serviert mit passenden Beilagen, abgerundet mit Zitronen-Thymian-Saft und Saisoncreme<br \/>\n\u20ac 28,50<\/p>\n<p><b>Hamburger Mio Mucho<br \/>\n<\/b>Black Angus-Rinderburger mit Speck, Zwiebeln, Cheddar, Tomate, Salat und Bravas Sauce<br \/>\n\u20ac 21,50[\/vc_column_text][\/vc_column][vc_column width=&#8220;1\/2&#8243;][vc_column_text css=&#8220;&#8220;]<\/p>\n<h3>HAUPTGERICHTE \u2013 VEGETARISCH<\/h3>\n<p><b>Vegaburger Mio Mucho<br \/>\n<\/b>Tr\u00fcffel Veggie-Burger mit Ziebeln, Cheddar, Tomate, Salat und Tr\u00fcffel Sauce<br \/>\n\u20ac 21,50<\/p>\n<p><b>Spinat-Orzo<br \/>\n<\/b>Orzo mit Spinat, marinierten Tomaten, Mozzarella, Basilikum\u00f6l und ger\u00f6steten Kernen<br \/>\n\u20ac 21,50<\/p>\n<h3>BEILAGEN<\/h3>\n<p><strong>Ur-Pommes mit Mayonnaise<\/strong><br \/>\n\u20ac 4,50<\/p>\n<p><strong>Salat Verde<br \/>\n<\/strong>Fris\u00e9e-Salat mit Tomaten, Gurken und s\u00fc\u00df-sauren Zwiebeln<strong><br \/>\n<\/strong>\u20ac 4,50<\/p>\n<p><strong>Knoblauchpilze aus dem Josper mit Schnittlauch<\/strong><br \/>\n\u20ac 6,50<\/p>\n<p><strong>Ger\u00f6steter Blumenkohl<\/strong><br \/>\n\u20ac 6,50<\/p>\n<p><b>Loaded Wedges<br \/>\n<\/b>Mit Chili-Mayonnaise, Parmesan und Gartenkresse<br \/>\n\u20ac 6,00<\/p>\n<h3>KINDERGERICHTE<\/h3>\n<p><b>Spaghetti Bolognese<br \/>\n<\/b>\u20ac 8,50<\/p>\n<p><b>American Pancake Party<br \/>\n<\/b>Amerikanische Pancake, garniert mit Puderzucker und Marshmallows<br \/>\n\u20ac 8,50<\/p>\n<p><b>H\u00e4hnchenfilets<br \/>\n<\/b>Mit Pommes frites, Apfelmus und Salat<br \/>\n\u20ac 9,50<\/p>\n<p><strong>Fisch &amp; Pommes<\/strong><br \/>\nMit Remoulade, Pommes und Salat<br \/>\n\u20ac 9,50<\/p>\n<h3>DESSERTS<\/h3>\n<p><strong>Tonka-Orangen-Cr\u00e8me Br\u00fbl\u00e9e mit Vanilleeis<\/strong><br \/>\n\u20ac 12,00<\/p>\n<p><b>Tartelette mit Zitronenbavaroise und Erdbeeren<\/b><br \/>\n\u20ac 11,50<\/p>\n<p><b>Dame Blanche<br \/>\n<\/b>Vanilleeis mit warmer Schokoladensauce und Schlagsahne.<br \/>\n\u20ac 10,50<\/p>\n<p><b>Kinder-Eis Mio Mucho<br \/>\n<\/b>Vanille- und Schokoladeneis mit Schlagsahne und Knisters\u00fc\u00dfigkeit.<br \/>\n\u20ac 6,50<\/p>\n<p><b>K\u00e4seauswahl<br \/>\n<\/b>Eine Auswahl feiner K\u00e4sesorten mit Nussbrot,frischen und Trauben<br \/>\n\u20ac 15,50[\/vc_column_text][\/vc_column][\/vc_row]<\/p>\n<\/div>","protected":false},"excerpt":{"rendered":"<p>[vc_row][vc_column el_class=&#8220;lijn&#8220;][vc_column_text css=&#8220;&#8220;] Speisekarte Abendessen im Mio Mucho \u2013 Kulinarischer Genuss am Leukermeer Wenn der Abend hereinbricht, erwacht Mio Mucho \u2013 das stimmungsvolle Grillrestaurant am Leukermeer \u2013 zum Leben. Sanftes Kerzenlicht, das leise Stimmengewirr der G\u00e4ste und der verf\u00fchrerische Duft von frisch gegrilltem Fleisch und Fisch schaffen die perfekte Atmosph\u00e4re f\u00fcr ein unvergessliches Abendessen mit&hellip;<\/p>\n","protected":false},"author":3,"featured_media":0,"parent":0,"menu_order":0,"comment_status":"closed","ping_status":"closed","template":"","meta":{"footnotes":""},"class_list":["post-4349","page","type-page","status-publish","hentry","description-off"],"yoast_head":"<!-- This site is optimized with the Yoast SEO plugin v27.5 - https:\/\/yoast.com\/product\/yoast-seo-wordpress\/ -->\n<title>Mio Mucho - Speisekarte<\/title>\n<meta name=\"description\" content=\"Genie\u00dfen Sie ein stimmungsvolles Abendessen mit Seeblick im Grillrestaurant Mio Mucho am Leukermeer \u2013 kulinarischer Genuss in Limburg.\" \/>\n<meta name=\"robots\" content=\"index, follow, max-snippet:-1, max-image-preview:large, max-video-preview:-1\" \/>\n<link rel=\"canonical\" href=\"https:\/\/miomucho.nl\/de\/speisekarte\/\" \/>\n<meta property=\"og:locale\" content=\"de_DE\" \/>\n<meta property=\"og:type\" content=\"article\" \/>\n<meta property=\"og:title\" content=\"Mio Mucho - Speisekarte\" \/>\n<meta property=\"og:description\" content=\"Genie\u00dfen Sie ein stimmungsvolles Abendessen mit Seeblick im Grillrestaurant Mio Mucho am Leukermeer \u2013 kulinarischer Genuss in Limburg.\" \/>\n<meta property=\"og:url\" content=\"https:\/\/miomucho.nl\/de\/speisekarte\/\" \/>\n<meta property=\"og:site_name\" content=\"Mio Mucho - Restaurant &amp; terras\" \/>\n<meta property=\"article:modified_time\" content=\"2026-05-01T08:01:51+00:00\" \/>\n<meta name=\"twitter:card\" content=\"summary_large_image\" \/>\n<meta name=\"twitter:label1\" content=\"Gesch\u00e4tzte Lesezeit\" \/>\n\t<meta name=\"twitter:data1\" content=\"4\u00a0Minuten\" \/>\n<script type=\"application\/ld+json\" class=\"yoast-schema-graph\">{\"@context\":\"https:\\\/\\\/schema.org\",\"@graph\":[{\"@type\":\"WebPage\",\"@id\":\"https:\\\/\\\/miomucho.nl\\\/de\\\/speisekarte\\\/\",\"url\":\"https:\\\/\\\/miomucho.nl\\\/de\\\/speisekarte\\\/\",\"name\":\"Mio Mucho - Speisekarte\",\"isPartOf\":{\"@id\":\"https:\\\/\\\/miomucho.nl\\\/#website\"},\"datePublished\":\"2024-04-02T17:04:04+00:00\",\"dateModified\":\"2026-05-01T08:01:51+00:00\",\"description\":\"Genie\u00dfen Sie ein stimmungsvolles Abendessen mit Seeblick im Grillrestaurant Mio Mucho am Leukermeer \u2013 kulinarischer Genuss in Limburg.\",\"breadcrumb\":{\"@id\":\"https:\\\/\\\/miomucho.nl\\\/de\\\/speisekarte\\\/#breadcrumb\"},\"inLanguage\":\"de\",\"potentialAction\":[{\"@type\":\"ReadAction\",\"target\":[\"https:\\\/\\\/miomucho.nl\\\/de\\\/speisekarte\\\/\"]}]},{\"@type\":\"BreadcrumbList\",\"@id\":\"https:\\\/\\\/miomucho.nl\\\/de\\\/speisekarte\\\/#breadcrumb\",\"itemListElement\":[{\"@type\":\"ListItem\",\"position\":1,\"name\":\"Home\",\"item\":\"https:\\\/\\\/miomucho.nl\\\/de\\\/\"},{\"@type\":\"ListItem\",\"position\":2,\"name\":\"Speisekarte\"}]},{\"@type\":\"WebSite\",\"@id\":\"https:\\\/\\\/miomucho.nl\\\/#website\",\"url\":\"https:\\\/\\\/miomucho.nl\\\/\",\"name\":\"Mio Mucho - Restaurant &amp; terras\",\"description\":\"Genieten aan het Leukermeer\",\"potentialAction\":[{\"@type\":\"SearchAction\",\"target\":{\"@type\":\"EntryPoint\",\"urlTemplate\":\"https:\\\/\\\/miomucho.nl\\\/?s={search_term_string}\"},\"query-input\":{\"@type\":\"PropertyValueSpecification\",\"valueRequired\":true,\"valueName\":\"search_term_string\"}}],\"inLanguage\":\"de\"}]}<\/script>\n<!-- \/ Yoast SEO plugin. -->","yoast_head_json":{"title":"Mio Mucho - Speisekarte","description":"Genie\u00dfen Sie ein stimmungsvolles Abendessen mit Seeblick im Grillrestaurant Mio Mucho am Leukermeer \u2013 kulinarischer Genuss in Limburg.","robots":{"index":"index","follow":"follow","max-snippet":"max-snippet:-1","max-image-preview":"max-image-preview:large","max-video-preview":"max-video-preview:-1"},"canonical":"https:\/\/miomucho.nl\/de\/speisekarte\/","og_locale":"de_DE","og_type":"article","og_title":"Mio Mucho - Speisekarte","og_description":"Genie\u00dfen Sie ein stimmungsvolles Abendessen mit Seeblick im Grillrestaurant Mio Mucho am Leukermeer \u2013 kulinarischer Genuss in Limburg.","og_url":"https:\/\/miomucho.nl\/de\/speisekarte\/","og_site_name":"Mio Mucho - Restaurant &amp; terras","article_modified_time":"2026-05-01T08:01:51+00:00","twitter_card":"summary_large_image","twitter_misc":{"Gesch\u00e4tzte Lesezeit":"4\u00a0Minuten"},"schema":{"@context":"https:\/\/schema.org","@graph":[{"@type":"WebPage","@id":"https:\/\/miomucho.nl\/de\/speisekarte\/","url":"https:\/\/miomucho.nl\/de\/speisekarte\/","name":"Mio Mucho - Speisekarte","isPartOf":{"@id":"https:\/\/miomucho.nl\/#website"},"datePublished":"2024-04-02T17:04:04+00:00","dateModified":"2026-05-01T08:01:51+00:00","description":"Genie\u00dfen Sie ein stimmungsvolles Abendessen mit Seeblick im Grillrestaurant Mio Mucho am Leukermeer \u2013 kulinarischer Genuss in Limburg.","breadcrumb":{"@id":"https:\/\/miomucho.nl\/de\/speisekarte\/#breadcrumb"},"inLanguage":"de","potentialAction":[{"@type":"ReadAction","target":["https:\/\/miomucho.nl\/de\/speisekarte\/"]}]},{"@type":"BreadcrumbList","@id":"https:\/\/miomucho.nl\/de\/speisekarte\/#breadcrumb","itemListElement":[{"@type":"ListItem","position":1,"name":"Home","item":"https:\/\/miomucho.nl\/de\/"},{"@type":"ListItem","position":2,"name":"Speisekarte"}]},{"@type":"WebSite","@id":"https:\/\/miomucho.nl\/#website","url":"https:\/\/miomucho.nl\/","name":"Mio Mucho - Restaurant &amp; terras","description":"Genieten aan het Leukermeer","potentialAction":[{"@type":"SearchAction","target":{"@type":"EntryPoint","urlTemplate":"https:\/\/miomucho.nl\/?s={search_term_string}"},"query-input":{"@type":"PropertyValueSpecification","valueRequired":true,"valueName":"search_term_string"}}],"inLanguage":"de"}]}},"_links":{"self":[{"href":"https:\/\/miomucho.nl\/de\/wp-json\/wp\/v2\/pages\/4349","targetHints":{"allow":["GET"]}}],"collection":[{"href":"https:\/\/miomucho.nl\/de\/wp-json\/wp\/v2\/pages"}],"about":[{"href":"https:\/\/miomucho.nl\/de\/wp-json\/wp\/v2\/types\/page"}],"author":[{"embeddable":true,"href":"https:\/\/miomucho.nl\/de\/wp-json\/wp\/v2\/users\/3"}],"replies":[{"embeddable":true,"href":"https:\/\/miomucho.nl\/de\/wp-json\/wp\/v2\/comments?post=4349"}],"version-history":[{"count":20,"href":"https:\/\/miomucho.nl\/de\/wp-json\/wp\/v2\/pages\/4349\/revisions"}],"predecessor-version":[{"id":5183,"href":"https:\/\/miomucho.nl\/de\/wp-json\/wp\/v2\/pages\/4349\/revisions\/5183"}],"wp:attachment":[{"href":"https:\/\/miomucho.nl\/de\/wp-json\/wp\/v2\/media?parent=4349"}],"curies":[{"name":"wp","href":"https:\/\/api.w.org\/{rel}","templated":true}]}}