{"id":3904,"date":"2023-05-18T09:49:30","date_gmt":"2023-05-18T09:49:30","guid":{"rendered":"https:\/\/miomucho.nl\/mittagsmenue\/"},"modified":"2026-03-22T18:45:52","modified_gmt":"2026-03-22T18:45:52","slug":"mittagsmenue","status":"publish","type":"page","link":"https:\/\/miomucho.nl\/de\/mittagsmenue\/","title":{"rendered":"Mittagsessen"},"content":{"rendered":"<div class=\"wpb-content-wrapper\"><p>[vc_row][vc_column][vc_column_text css=&#8220;&#8220;]<\/p>\n<h1 data-start=\"50\" data-end=\"136\">Mittags- und Snackkarte<\/h1>\n<p class=\"\" data-start=\"108\" data-end=\"170\">Genie\u00dfen Sie mit Blick auf das Leukermeer.<\/p>\n<p class=\"\" data-start=\"172\" data-end=\"519\">Sie suchen ein leckeres Mittagessen am Wasser? Im <em data-start=\"222\" data-end=\"233\">Mio Mucho<\/em>, dem Restaurant direkt am <a href=\"http:\/\/WWW.LEUKERMEER.NL\" target=\"_blank\" rel=\"noopener\">Leukermeer<\/a>, genie\u00dfen Sie k\u00f6stliche Mittagsgerichte mit abwechslungsreichen Optionen \u2013 begleitet von einem atemberaubenden Blick \u00fcber den See. Ob ein leichter Lunch oder ein herzhaftes Grillgericht \u2013 unsere Mittagskarte bietet f\u00fcr jeden Geschmack das Richtige.<\/p>\n<p class=\"\" data-start=\"521\" data-end=\"568\"><strong data-start=\"521\" data-end=\"568\">Mittagessen mit Aussicht auf das Leukermeer<\/strong><\/p>\n<p class=\"\" data-start=\"570\" data-end=\"943\">Bei <em data-start=\"574\" data-end=\"585\">Mio Mucho<\/em> dreht sich alles ums Genie\u00dfen in entspannter Atmosph\u00e4re. Von unserer Terrasse aus haben Sie einen traumhaften Blick \u00fcber das Leukermeer, w\u00e4hrend Sie frisch zubereitete Mittagsgerichte genie\u00dfen. Die Karte reicht von leichten, raffinierten Speisen bis hin zu klassischen, herzhaften Gerichten \u2013 ideal f\u00fcr eine genussvolle Pause w\u00e4hrend Ihres Tages in Limburg.<\/p>\n<p class=\"\" data-start=\"945\" data-end=\"1025\"><strong data-start=\"945\" data-end=\"1025\">Von Klassikern bis zu besonderen Highlights \u2013 unsere Mittagskarte \u00fcberrascht<\/strong><\/p>\n<p class=\"\" data-start=\"1027\" data-end=\"1369\">Probieren Sie zum Beispiel unser beliebtes \u201e12-Uurtje\u201c: eine geschmackvolle Kombination aus einer warmen Suppe, einem frischen St\u00fcck Landbrot mit Spiegelei und einem weiteren belegten Brot mit herzhaften Snacks. Oder w\u00e4hlen Sie die klassische <em data-start=\"1270\" data-end=\"1285\">Eggs Benedict<\/em> \u2013 pochierte Eier auf knusprigem Brioche, \u00fcbergossen mit cremiger Hollandaise-Sauce.<\/p>\n<p class=\"\" data-start=\"1371\" data-end=\"1435\"><strong data-start=\"1371\" data-end=\"1435\">Bestellungen von der Mittagskarte sind bis 16:00 Uhr m\u00f6glich<\/strong><\/p>\n<p class=\"\" data-start=\"1437\" data-end=\"1616\">Unsere Mittagsgerichte sind t\u00e4glich bis 16:00 Uhr erh\u00e4ltlich. Lassen Sie sich Zeit, entspannen Sie sich und genie\u00dfen Sie Ihre Mittagspause \u2013 voller Geschmack, Genuss und Ausblick.<\/p>\n<p class=\"\" data-start=\"1618\" data-end=\"1734\">Kommen Sie zum Mittagessen ins Mio Mucho, erleben Sie kulinarische Vielfalt am Wasser und <a href=\"https:\/\/miomucho.nl\/de\/reservieren\/\">reservieren<\/a> Sie jetzt.<\/p>\n<p>[\/vc_column_text][\/vc_column][\/vc_row][vc_row][vc_column width=&#8220;1\/2&#8243;][vc_column_text css=&#8220;&#8220;]<\/p>\n<h3>BR\u00d6TCHEN<\/h3>\n<p><b>Br\u00f6tchen Carpaccio<br \/>\n<\/b>Rindercarpaccio mit Tr\u00fcffelmayonnaise, Parmesan, Rucola, Balsamico und ger\u00f6steten Mandelbl\u00e4ttchen.<br \/>\n\u20ac 15,50<\/p>\n<p><b>Br\u00f6tchen Picanha<br \/>\n<\/b>Ros\u00e9 gegrilltes Picanha auf Brot mit gemischtem Salat und Tomate, garniert mit Vadouvan-Mayonnaise.<br \/>\n\u20ac 15,50<\/p>\n<p><b>Br\u00f6tchen mit ger\u00e4uchertem Lachs<br \/>\n<\/b>Hausger\u00e4ucherter Lachs mit Avocadocreme, s\u00fc\u00df-saurer roter Zwiebel und gemischtem Salat.<br \/>\n\u20ac 16,00<\/p>\n<p><b>Br\u00f6tchen mit Waldpilzen (vegetarisch)<br \/>\n<\/b>Gebratene Waldpilze mit Kirschtomaten, s\u00fc\u00df-saurer Zwiebel und gemischtem Salat, garniert mit knusprigen Kartoffelschnitzeln.<br \/>\n\u20ac 14,00<\/p>\n<h3>LUNCHKLASSIKER<\/h3>\n<p><b>12-Uhr-Mahlzeit Mio Mucho<br \/>\n<\/b>Krokette auf Brot \u2022 Tasse ger\u00f6stete Tomaten-Paprika-Suppe \u2022 Spiegelei mit Schinken und K\u00e4se.<br \/>\n\u20ac 14,50<\/p>\n<p><b>Uitsmijter<br \/>\n<\/b>Drei Spiegeleier mit Schinken und K\u00e4se, serviert mit Brot.<br \/>\n\u20ac 13,00<\/p>\n<p><b>Hamburger Mio Mucho mit Pommes frites<br \/>\n<\/b>Black Angus-Rindfleischburger mit Speck, Zwiebeln, Cheddar, Tomaten und Salat.<br \/>\n\u20ac 21,00<\/p>\n<h3>SUPPEN<\/h3>\n<p><b>Ger\u00f6stete Tomaten-Paprika-Suppe<br \/>\n<\/b>Sanft ger\u00e4uchert aus dem Josper, mit Fr\u00fchlingszwiebeln und Basilikum\u00f6l.<br \/>\n\u20ac 8,00<\/p>\n<p><b>Tagesuppe<br \/>\n<\/b>Tagesfrische Suppe nach Inspiration des K\u00fcchenchefs.<br \/>\n\u20ac 8,50[\/vc_column_text][\/vc_column][vc_column width=&#8220;1\/2&#8243;][vc_column_text css=&#8220;&#8220;]<\/p>\n<h3>ESSENSALATE<\/h3>\n<p><b>Salat mit Rinderfiletspitzen<br \/>\n<\/b>Gebratene Rinderfiletspitzen mit gemischtem Salat, Tomate, roten Zwiebeln, knusprigen Kartoffelst\u00fcckchen und Dressing.<br \/>\n\u20ac 19,50<\/p>\n<p><b>Salat mit Lachs<br \/>\n<\/b>Hausger\u00e4ucherter Lachs mit gemischtem Salat, Kirschtomaten, s\u00fc\u00df-saurer roter Zwiebel, frittierten Kapern und Dressing.<br \/>\n\u20ac 16,00<\/p>\n<p><b>Pilzsalat (vegetarisch)<br \/>\n<\/b>Gebratene Waldpilze mit frischem Salat, Kirschtomaten, s\u00fc\u00df-saurer Zwiebel, knusprigen Kartoffelst\u00fcckchen und Dressing.<br \/>\n\u20ac 14,00<\/p>\n<h3>BORREL<\/h3>\n<p><b>Verkostung spanischer Schinken<br \/>\n<\/b>Auswahl hochwertiger spanischer Schinken, sorgf\u00e4ltig geschnitten und als schmackhafte Verkostung serviert.<br \/>\n\u20ac 15,00<\/p>\n<p><b>Spanische Chorizo-Kroketten<br \/>\n<\/b>Knusprige Chorizo-Kroketten, serviert mit Chili-Mayonnaise.<br \/>\n\u20ac 9,00<\/p>\n<p><b>Brot mit Aioli<br \/>\n<\/b>Frisches Brot, serviert mit hausgemachter Aioli<br \/>\n\u20ac 6,50<\/p>\n<p><b>Bittergarnitur \u2013 8 St\u00fcck<br \/>\n<\/b>Serviert mit Mayonnaise und Curry.<br \/>\n\u20ac 8,00<\/p>\n<p><b>Bitterballen \u2013 8 St\u00fcck<br \/>\n<\/b>Serviert mit Limburger Senf.<br \/>\n\u20ac 9,00<\/p>\n<p><strong>Austern<br \/>\n<\/strong>Wahlweise 3 oder 6 St\u00fcck, serviert mit Champagner-Schalotten-Schaum<br \/>\n\u20ac 9,50 | \u20ac 18,50[\/vc_column_text][\/vc_column][\/vc_row]<\/p>\n<\/div>","protected":false},"excerpt":{"rendered":"<p>[vc_row][vc_column][vc_column_text css=&#8220;&#8220;] Mittags- und Snackkarte Genie\u00dfen Sie mit Blick auf das Leukermeer. Sie suchen ein leckeres Mittagessen am Wasser? Im Mio Mucho, dem Restaurant direkt am Leukermeer, genie\u00dfen Sie k\u00f6stliche Mittagsgerichte mit abwechslungsreichen Optionen \u2013 begleitet von einem atemberaubenden Blick \u00fcber den See. Ob ein leichter Lunch oder ein herzhaftes Grillgericht \u2013 unsere Mittagskarte bietet&hellip;<\/p>\n","protected":false},"author":1,"featured_media":0,"parent":0,"menu_order":0,"comment_status":"closed","ping_status":"closed","template":"","meta":{"footnotes":""},"class_list":["post-3904","page","type-page","status-publish","hentry","description-off"],"yoast_head":"<!-- This site is optimized with the Yoast SEO plugin v27.4 - https:\/\/yoast.com\/product\/yoast-seo-wordpress\/ -->\n<title>Mio Mucho - Restaurant und Terrasse<\/title>\n<meta name=\"description\" content=\"Genie\u00dfen Sie ein k\u00f6stliches Mittagessen mit Seeblick im Restaurant Mio Mucho am Leukermeer \u2013 t\u00e4glich bis 16:00 Uhr.\" \/>\n<meta name=\"robots\" content=\"index, follow, max-snippet:-1, max-image-preview:large, max-video-preview:-1\" \/>\n<link rel=\"canonical\" href=\"https:\/\/miomucho.nl\/de\/mittagsmenue\/\" \/>\n<meta property=\"og:locale\" content=\"de_DE\" \/>\n<meta property=\"og:type\" content=\"article\" \/>\n<meta property=\"og:title\" content=\"Mio Mucho - Restaurant und Terrasse\" \/>\n<meta property=\"og:description\" content=\"Genie\u00dfen Sie ein k\u00f6stliches Mittagessen mit Seeblick im Restaurant Mio Mucho am Leukermeer \u2013 t\u00e4glich bis 16:00 Uhr.\" \/>\n<meta property=\"og:url\" content=\"https:\/\/miomucho.nl\/de\/mittagsmenue\/\" \/>\n<meta property=\"og:site_name\" content=\"Mio Mucho - Restaurant &amp; terras\" \/>\n<meta property=\"article:modified_time\" content=\"2026-03-22T18:45:52+00:00\" \/>\n<meta name=\"twitter:card\" content=\"summary_large_image\" \/>\n<meta name=\"twitter:label1\" content=\"Gesch\u00e4tzte Lesezeit\" \/>\n\t<meta name=\"twitter:data1\" content=\"3\u00a0Minuten\" \/>\n<script type=\"application\/ld+json\" class=\"yoast-schema-graph\">{\"@context\":\"https:\\\/\\\/schema.org\",\"@graph\":[{\"@type\":\"WebPage\",\"@id\":\"https:\\\/\\\/miomucho.nl\\\/de\\\/mittagsmenue\\\/\",\"url\":\"https:\\\/\\\/miomucho.nl\\\/de\\\/mittagsmenue\\\/\",\"name\":\"Mio Mucho - Restaurant und Terrasse\",\"isPartOf\":{\"@id\":\"https:\\\/\\\/miomucho.nl\\\/#website\"},\"datePublished\":\"2023-05-18T09:49:30+00:00\",\"dateModified\":\"2026-03-22T18:45:52+00:00\",\"description\":\"Genie\u00dfen Sie ein k\u00f6stliches Mittagessen mit Seeblick im Restaurant Mio Mucho am Leukermeer \u2013 t\u00e4glich bis 16:00 Uhr.\",\"breadcrumb\":{\"@id\":\"https:\\\/\\\/miomucho.nl\\\/de\\\/mittagsmenue\\\/#breadcrumb\"},\"inLanguage\":\"de\",\"potentialAction\":[{\"@type\":\"ReadAction\",\"target\":[\"https:\\\/\\\/miomucho.nl\\\/de\\\/mittagsmenue\\\/\"]}]},{\"@type\":\"BreadcrumbList\",\"@id\":\"https:\\\/\\\/miomucho.nl\\\/de\\\/mittagsmenue\\\/#breadcrumb\",\"itemListElement\":[{\"@type\":\"ListItem\",\"position\":1,\"name\":\"Home\",\"item\":\"https:\\\/\\\/miomucho.nl\\\/de\\\/\"},{\"@type\":\"ListItem\",\"position\":2,\"name\":\"Mittagsessen\"}]},{\"@type\":\"WebSite\",\"@id\":\"https:\\\/\\\/miomucho.nl\\\/#website\",\"url\":\"https:\\\/\\\/miomucho.nl\\\/\",\"name\":\"Mio Mucho - Restaurant &amp; terras\",\"description\":\"Genieten aan het Leukermeer\",\"potentialAction\":[{\"@type\":\"SearchAction\",\"target\":{\"@type\":\"EntryPoint\",\"urlTemplate\":\"https:\\\/\\\/miomucho.nl\\\/?s={search_term_string}\"},\"query-input\":{\"@type\":\"PropertyValueSpecification\",\"valueRequired\":true,\"valueName\":\"search_term_string\"}}],\"inLanguage\":\"de\"}]}<\/script>\n<!-- \/ Yoast SEO plugin. -->","yoast_head_json":{"title":"Mio Mucho - Restaurant und Terrasse","description":"Genie\u00dfen Sie ein k\u00f6stliches Mittagessen mit Seeblick im Restaurant Mio Mucho am Leukermeer \u2013 t\u00e4glich bis 16:00 Uhr.","robots":{"index":"index","follow":"follow","max-snippet":"max-snippet:-1","max-image-preview":"max-image-preview:large","max-video-preview":"max-video-preview:-1"},"canonical":"https:\/\/miomucho.nl\/de\/mittagsmenue\/","og_locale":"de_DE","og_type":"article","og_title":"Mio Mucho - Restaurant und Terrasse","og_description":"Genie\u00dfen Sie ein k\u00f6stliches Mittagessen mit Seeblick im Restaurant Mio Mucho am Leukermeer \u2013 t\u00e4glich bis 16:00 Uhr.","og_url":"https:\/\/miomucho.nl\/de\/mittagsmenue\/","og_site_name":"Mio Mucho - Restaurant &amp; terras","article_modified_time":"2026-03-22T18:45:52+00:00","twitter_card":"summary_large_image","twitter_misc":{"Gesch\u00e4tzte Lesezeit":"3\u00a0Minuten"},"schema":{"@context":"https:\/\/schema.org","@graph":[{"@type":"WebPage","@id":"https:\/\/miomucho.nl\/de\/mittagsmenue\/","url":"https:\/\/miomucho.nl\/de\/mittagsmenue\/","name":"Mio Mucho - Restaurant und Terrasse","isPartOf":{"@id":"https:\/\/miomucho.nl\/#website"},"datePublished":"2023-05-18T09:49:30+00:00","dateModified":"2026-03-22T18:45:52+00:00","description":"Genie\u00dfen Sie ein k\u00f6stliches Mittagessen mit Seeblick im Restaurant Mio Mucho am Leukermeer \u2013 t\u00e4glich bis 16:00 Uhr.","breadcrumb":{"@id":"https:\/\/miomucho.nl\/de\/mittagsmenue\/#breadcrumb"},"inLanguage":"de","potentialAction":[{"@type":"ReadAction","target":["https:\/\/miomucho.nl\/de\/mittagsmenue\/"]}]},{"@type":"BreadcrumbList","@id":"https:\/\/miomucho.nl\/de\/mittagsmenue\/#breadcrumb","itemListElement":[{"@type":"ListItem","position":1,"name":"Home","item":"https:\/\/miomucho.nl\/de\/"},{"@type":"ListItem","position":2,"name":"Mittagsessen"}]},{"@type":"WebSite","@id":"https:\/\/miomucho.nl\/#website","url":"https:\/\/miomucho.nl\/","name":"Mio Mucho - Restaurant &amp; terras","description":"Genieten aan het Leukermeer","potentialAction":[{"@type":"SearchAction","target":{"@type":"EntryPoint","urlTemplate":"https:\/\/miomucho.nl\/?s={search_term_string}"},"query-input":{"@type":"PropertyValueSpecification","valueRequired":true,"valueName":"search_term_string"}}],"inLanguage":"de"}]}},"_links":{"self":[{"href":"https:\/\/miomucho.nl\/de\/wp-json\/wp\/v2\/pages\/3904","targetHints":{"allow":["GET"]}}],"collection":[{"href":"https:\/\/miomucho.nl\/de\/wp-json\/wp\/v2\/pages"}],"about":[{"href":"https:\/\/miomucho.nl\/de\/wp-json\/wp\/v2\/types\/page"}],"author":[{"embeddable":true,"href":"https:\/\/miomucho.nl\/de\/wp-json\/wp\/v2\/users\/1"}],"replies":[{"embeddable":true,"href":"https:\/\/miomucho.nl\/de\/wp-json\/wp\/v2\/comments?post=3904"}],"version-history":[{"count":20,"href":"https:\/\/miomucho.nl\/de\/wp-json\/wp\/v2\/pages\/3904\/revisions"}],"predecessor-version":[{"id":5165,"href":"https:\/\/miomucho.nl\/de\/wp-json\/wp\/v2\/pages\/3904\/revisions\/5165"}],"wp:attachment":[{"href":"https:\/\/miomucho.nl\/de\/wp-json\/wp\/v2\/media?parent=3904"}],"curies":[{"name":"wp","href":"https:\/\/api.w.org\/{rel}","templated":true}]}}