{"id":3520,"date":"2022-12-02T14:47:28","date_gmt":"2022-12-02T14:47:28","guid":{"rendered":"https:\/\/miomucho.nl\/datenschutzerklaerung\/"},"modified":"2025-05-18T16:21:01","modified_gmt":"2025-05-18T16:21:01","slug":"datenschutzerklaerung","status":"publish","type":"page","link":"https:\/\/miomucho.nl\/de\/datenschutzerklaerung\/","title":{"rendered":"Datenschutzerkl\u00e4rung"},"content":{"rendered":"<div class=\"wpb-content-wrapper\"><p>[vc_row][vc_column][vc_column_text css=&#8220;&#8220;]<\/p>\n<h1>Datenschutzerkl\u00e4rung<\/h1>\n<p><strong>Restaurant Mio Mucho<\/strong>, wohnhaft in Vossenberg 10 &#8211; 220 in Well<br \/>\nist verantwortlich f\u00fcr die Verarbeitung personenbezogener Daten, wie sie in dieser Datenschutzerkl\u00e4rung zum Ausdruck kommt.<\/p>\n<p><strong>Kontaktinformationen:<\/strong><\/p>\n<p><strong>MIO MUCHO<\/strong><br \/>\nVossenheuvel 10 &#8211; pand 220<br \/>\n5855 EE Well[\/vc_column_text][vc_column_text]<\/p>\n<h3>PERS\u00d6NLICHE DATEN, DIE WIR VERARBEITEN<\/h3>\n<p><strong>Restaurant Mio Mucho<\/strong> verarbeitet Ihre personenbezogenen Daten, weil Sie unsere Dienste in Anspruch nehmen und\/oder weil Sie sie uns selbst zur Verf\u00fcgung stellen.<\/p>\n<p>Nachstehend finden Sie einen \u00dcberblick \u00fcber die von uns verarbeiteten personenbezogenen Daten:<\/p>\n<p>&#8211; Vorname und Nachname<br \/>\n&#8211; Geschlecht<br \/>\n&#8211; Angaben zur Adresse<br \/>\n&#8211; Telefonnummer<br \/>\n&#8211; E-Mail Adresse<br \/>\n&#8211; Andere personenbezogene Daten, die Sie aktiv zur Verf\u00fcgung stellen, z. B. durch \u00dcbermittlung Ihres Lebenslaufs, wenn Sie sich auf ein Stellenangebot bewerben<br \/>\n&#8211; Daten \u00fcber Ihre Aktivit\u00e4ten auf unserer Website<br \/>\n&#8211; Bankkontonummer<\/p>\n<p>&nbsp;<\/p>\n<h4>ZU WELCHEM ZWECK UND AUF WELCHER GRUNDLAGE WIR PERSONENBEZOGENE DATEN VERARBEITEN<\/h4>\n<p><strong>Restaurant Mio Mucho<\/strong> verarbeitet Ihre personenbezogenen Daten f\u00fcr die folgenden Zwecke:<\/p>\n<p>Abwicklung Ihrer Zahlung<br \/>\n&#8211; Sie anzurufen oder per E-Mail zu kontaktieren, wenn dies zur Erbringung unserer Dienstleistungen erforderlich ist<br \/>\n&#8211; Um Ihnen Waren und Dienstleistungen zu liefern<br \/>\n&#8211; Restaurant Mio Mucho analysiert Ihr Verhalten auf der Website, um die Website zu verbessern und die angebotenen Produkte und Dienstleistungen auf Ihre Pr\u00e4ferenzen abzustimmen.<\/p>\n<p>&nbsp;<\/p>\n<h4>AUTOMATISIERTE ENTSCHEIDUNGSFINDUNG<\/h4>\n<p><strong>Restaurant Mio Mucho<\/strong> trifft keine Entscheidungen \u00fcber Angelegenheiten, die den Einzelnen (erheblich) beeintr\u00e4chtigen k\u00f6nnten, auf der Grundlage einer automatisierten Verarbeitung. Dabei handelt es sich um Entscheidungen, die von Computerprogrammen oder -systemen getroffen werden, ohne dass ein Mensch (z. B. ein Mitarbeiter des Restaurants Mio Mucho) daran beteiligt ist.<\/p>\n<p>&nbsp;<\/p>\n<h4>WIE LANGE WIR PERSONENBEZOGENE DATEN AUFBEWAHREN<\/h4>\n<p><strong>Restaurant Mio Mucho<\/strong> wird Ihre personenbezogenen Daten nicht l\u00e4nger aufbewahren, als es f\u00fcr die Erf\u00fcllung der Zwecke, f\u00fcr die Ihre Daten erhoben wurden, unbedingt erforderlich ist. Wir wenden die Aufbewahrungsfrist von bis zu 1 Jahr an.<\/p>\n<p>Pers\u00f6nliche Daten &gt; die Zusammenarbeit einzustellen &gt; Rechnungsstellung<br \/>\nAngaben zur Person &gt; die Zusammenarbeit einzustellen &gt; Rechnungsstellung, Dienstleistungen<br \/>\nAdresse &gt; die Zusammenarbeit einzustellen &gt; Rechnungsstellung Adresse encoded_tag_closed die Zusammenarbeit einzustellen encoded_tag_closed Rechnungsstellung<br \/>\nAnmeldung &gt; Ablehnung &gt; aus Datei l\u00f6schen<br \/>\nEtc. &gt; die Zusammenarbeit einzustellen &gt; Rechnungsstellung, Dienstleistungen<\/p>\n<p>&nbsp;<\/p>\n<h4><\/h4>\n<h4>WEITERGABE VON PERSONENBEZOGENEN DATEN AN DRITTE<\/h4>\n<p><strong>Restaurant Mio Mucho<\/strong> gibt Ihre personenbezogenen Daten an verschiedene Dritte weiter, soweit dies f\u00fcr die Erf\u00fcllung des Vertrags und zur Erf\u00fcllung gesetzlicher Verpflichtungen erforderlich ist. Wir schlie\u00dfen einen Vertrag mit Unternehmen ab, die Ihre Daten in unserem Auftrag verarbeiten, um das gleiche Ma\u00df an Sicherheit und Vertraulichkeit Ihrer Daten zu gew\u00e4hrleisten. <strong>Restaurant Mio Mucho<\/strong> bleibt f\u00fcr diese Verarbeitungen verantwortlich. Dar\u00fcber hinaus <strong>Restaurant Mio Much<\/strong>o Ihre personenbezogenen Daten an andere Dritte weitergeben. Wir tun dies nur mit Ihrer ausdr\u00fccklichen Zustimmung.<\/p>\n<p>&nbsp;<\/p>\n<h4>WEBSEITE ZUGRIFF<\/h4>\n<p>Sie d\u00fcrfen diese Website sowie die auf ihr bereitgestellten Daten und Informationen nicht f\u00fcr kommerzielle Zwecke\/Angebote und insbesondere nicht f\u00fcr unaufgeforderte elektronische Angebote nutzen.<\/p>\n<p>&nbsp;<\/p>\n<h4>COOKIES ODER \u00c4HNLICHE TECHNIKEN, DIE WIR VERWENDEN<\/h4>\n<p><strong>Restaurant Mio Mucho<\/strong> verwendet keine Cookies oder \u00e4hnliche Techniken.<\/p>\n<p>&nbsp;<\/p>\n<h4>WEITERGABE VON PERSONENBEZOGENEN DATEN AN DRITTE<\/h4>\n<p><strong>Restaurant Mio Mucho<\/strong> nur an Dritte weitergeben und nur dann, wenn dies f\u00fcr die Erf\u00fcllung unserer Vereinbarung mit Ihnen oder zur Erf\u00fcllung einer gesetzlichen Verpflichtung erforderlich ist.<\/p>\n<p>&nbsp;<\/p>\n<h4>WIE WIR PERSONENBEZOGENE DATEN SCH\u00dcTZEN<\/h4>\n<p><strong>Restaurant Mio Mucho<\/strong> nimmt den Schutz Ihrer Daten ernst und ergreift geeignete Ma\u00dfnahmen, um Missbrauch, Verlust, unbefugtem Zugriff, unerw\u00fcnschter Offenlegung und unbefugter \u00c4nderung entgegenzuwirken. Wenn Sie den Eindruck haben, dass Ihre Daten nicht ordnungsgem\u00e4\u00df gesichert sind oder es Hinweise auf einen Missbrauch gibt, wenden Sie sich bitte an unseren Kundendienst oder an info@miomucho.nl Ihre Daten sind durch ein SSL-Zertifikat gesch\u00fctzt.[\/vc_column_text][\/vc_column][\/vc_row]<\/p>\n<\/div>","protected":false},"excerpt":{"rendered":"<p>[vc_row][vc_column][vc_column_text css=&#8220;&#8220;] Datenschutzerkl\u00e4rung Restaurant Mio Mucho, wohnhaft in Vossenberg 10 &#8211; 220 in Well ist verantwortlich f\u00fcr die Verarbeitung personenbezogener Daten, wie sie in dieser Datenschutzerkl\u00e4rung zum Ausdruck kommt. Kontaktinformationen: MIO MUCHO Vossenheuvel 10 &#8211; pand 220 5855 EE Well[\/vc_column_text][vc_column_text] PERS\u00d6NLICHE DATEN, DIE WIR VERARBEITEN Restaurant Mio Mucho verarbeitet Ihre personenbezogenen Daten, weil Sie unsere&hellip;<\/p>\n","protected":false},"author":1,"featured_media":0,"parent":0,"menu_order":0,"comment_status":"closed","ping_status":"closed","template":"","meta":{"footnotes":""},"class_list":["post-3520","page","type-page","status-publish","hentry","description-off"],"yoast_head":"<!-- This site is optimized with the Yoast SEO plugin v27.5 - https:\/\/yoast.com\/product\/yoast-seo-wordpress\/ -->\n<title>Datenschutzerkl\u00e4rung - Mio Mucho - Restaurant &amp; terras<\/title>\n<meta name=\"robots\" content=\"index, follow, max-snippet:-1, max-image-preview:large, max-video-preview:-1\" \/>\n<link rel=\"canonical\" href=\"https:\/\/miomucho.nl\/de\/datenschutzerklaerung\/\" \/>\n<meta property=\"og:locale\" content=\"de_DE\" \/>\n<meta property=\"og:type\" content=\"article\" \/>\n<meta property=\"og:title\" content=\"Datenschutzerkl\u00e4rung - Mio Mucho - Restaurant &amp; terras\" \/>\n<meta property=\"og:description\" content=\"[vc_row][vc_column][vc_column_text css=&#8220;&#8220;] Datenschutzerkl\u00e4rung Restaurant Mio Mucho, wohnhaft in Vossenberg 10 &#8211; 220 in Well ist verantwortlich f\u00fcr die Verarbeitung personenbezogener Daten, wie sie in dieser Datenschutzerkl\u00e4rung zum Ausdruck kommt. Kontaktinformationen: MIO MUCHO Vossenheuvel 10 &#8211; pand 220 5855 EE Well[\/vc_column_text][vc_column_text] PERS\u00d6NLICHE DATEN, DIE WIR VERARBEITEN Restaurant Mio Mucho verarbeitet Ihre personenbezogenen Daten, weil Sie unsere&hellip;\" \/>\n<meta property=\"og:url\" content=\"https:\/\/miomucho.nl\/de\/datenschutzerklaerung\/\" \/>\n<meta property=\"og:site_name\" content=\"Mio Mucho - Restaurant &amp; terras\" \/>\n<meta property=\"article:modified_time\" content=\"2025-05-18T16:21:01+00:00\" \/>\n<meta name=\"twitter:card\" content=\"summary_large_image\" \/>\n<meta name=\"twitter:label1\" content=\"Gesch\u00e4tzte Lesezeit\" \/>\n\t<meta name=\"twitter:data1\" content=\"3\u00a0Minuten\" \/>\n<script type=\"application\/ld+json\" class=\"yoast-schema-graph\">{\"@context\":\"https:\\\/\\\/schema.org\",\"@graph\":[{\"@type\":\"WebPage\",\"@id\":\"https:\\\/\\\/miomucho.nl\\\/de\\\/datenschutzerklaerung\\\/\",\"url\":\"https:\\\/\\\/miomucho.nl\\\/de\\\/datenschutzerklaerung\\\/\",\"name\":\"Datenschutzerkl\u00e4rung - Mio Mucho - Restaurant &amp; terras\",\"isPartOf\":{\"@id\":\"https:\\\/\\\/miomucho.nl\\\/#website\"},\"datePublished\":\"2022-12-02T14:47:28+00:00\",\"dateModified\":\"2025-05-18T16:21:01+00:00\",\"breadcrumb\":{\"@id\":\"https:\\\/\\\/miomucho.nl\\\/de\\\/datenschutzerklaerung\\\/#breadcrumb\"},\"inLanguage\":\"de\",\"potentialAction\":[{\"@type\":\"ReadAction\",\"target\":[\"https:\\\/\\\/miomucho.nl\\\/de\\\/datenschutzerklaerung\\\/\"]}]},{\"@type\":\"BreadcrumbList\",\"@id\":\"https:\\\/\\\/miomucho.nl\\\/de\\\/datenschutzerklaerung\\\/#breadcrumb\",\"itemListElement\":[{\"@type\":\"ListItem\",\"position\":1,\"name\":\"Home\",\"item\":\"https:\\\/\\\/miomucho.nl\\\/de\\\/\"},{\"@type\":\"ListItem\",\"position\":2,\"name\":\"Datenschutzerkl\u00e4rung\"}]},{\"@type\":\"WebSite\",\"@id\":\"https:\\\/\\\/miomucho.nl\\\/#website\",\"url\":\"https:\\\/\\\/miomucho.nl\\\/\",\"name\":\"Mio Mucho - Restaurant &amp; terras\",\"description\":\"Genieten aan het Leukermeer\",\"potentialAction\":[{\"@type\":\"SearchAction\",\"target\":{\"@type\":\"EntryPoint\",\"urlTemplate\":\"https:\\\/\\\/miomucho.nl\\\/?s={search_term_string}\"},\"query-input\":{\"@type\":\"PropertyValueSpecification\",\"valueRequired\":true,\"valueName\":\"search_term_string\"}}],\"inLanguage\":\"de\"}]}<\/script>\n<!-- \/ Yoast SEO plugin. -->","yoast_head_json":{"title":"Datenschutzerkl\u00e4rung - Mio Mucho - Restaurant &amp; terras","robots":{"index":"index","follow":"follow","max-snippet":"max-snippet:-1","max-image-preview":"max-image-preview:large","max-video-preview":"max-video-preview:-1"},"canonical":"https:\/\/miomucho.nl\/de\/datenschutzerklaerung\/","og_locale":"de_DE","og_type":"article","og_title":"Datenschutzerkl\u00e4rung - Mio Mucho - Restaurant &amp; terras","og_description":"[vc_row][vc_column][vc_column_text css=&#8220;&#8220;] Datenschutzerkl\u00e4rung Restaurant Mio Mucho, wohnhaft in Vossenberg 10 &#8211; 220 in Well ist verantwortlich f\u00fcr die Verarbeitung personenbezogener Daten, wie sie in dieser Datenschutzerkl\u00e4rung zum Ausdruck kommt. Kontaktinformationen: MIO MUCHO Vossenheuvel 10 &#8211; pand 220 5855 EE Well[\/vc_column_text][vc_column_text] PERS\u00d6NLICHE DATEN, DIE WIR VERARBEITEN Restaurant Mio Mucho verarbeitet Ihre personenbezogenen Daten, weil Sie unsere&hellip;","og_url":"https:\/\/miomucho.nl\/de\/datenschutzerklaerung\/","og_site_name":"Mio Mucho - Restaurant &amp; terras","article_modified_time":"2025-05-18T16:21:01+00:00","twitter_card":"summary_large_image","twitter_misc":{"Gesch\u00e4tzte Lesezeit":"3\u00a0Minuten"},"schema":{"@context":"https:\/\/schema.org","@graph":[{"@type":"WebPage","@id":"https:\/\/miomucho.nl\/de\/datenschutzerklaerung\/","url":"https:\/\/miomucho.nl\/de\/datenschutzerklaerung\/","name":"Datenschutzerkl\u00e4rung - Mio Mucho - Restaurant &amp; terras","isPartOf":{"@id":"https:\/\/miomucho.nl\/#website"},"datePublished":"2022-12-02T14:47:28+00:00","dateModified":"2025-05-18T16:21:01+00:00","breadcrumb":{"@id":"https:\/\/miomucho.nl\/de\/datenschutzerklaerung\/#breadcrumb"},"inLanguage":"de","potentialAction":[{"@type":"ReadAction","target":["https:\/\/miomucho.nl\/de\/datenschutzerklaerung\/"]}]},{"@type":"BreadcrumbList","@id":"https:\/\/miomucho.nl\/de\/datenschutzerklaerung\/#breadcrumb","itemListElement":[{"@type":"ListItem","position":1,"name":"Home","item":"https:\/\/miomucho.nl\/de\/"},{"@type":"ListItem","position":2,"name":"Datenschutzerkl\u00e4rung"}]},{"@type":"WebSite","@id":"https:\/\/miomucho.nl\/#website","url":"https:\/\/miomucho.nl\/","name":"Mio Mucho - Restaurant &amp; terras","description":"Genieten aan het Leukermeer","potentialAction":[{"@type":"SearchAction","target":{"@type":"EntryPoint","urlTemplate":"https:\/\/miomucho.nl\/?s={search_term_string}"},"query-input":{"@type":"PropertyValueSpecification","valueRequired":true,"valueName":"search_term_string"}}],"inLanguage":"de"}]}},"_links":{"self":[{"href":"https:\/\/miomucho.nl\/de\/wp-json\/wp\/v2\/pages\/3520","targetHints":{"allow":["GET"]}}],"collection":[{"href":"https:\/\/miomucho.nl\/de\/wp-json\/wp\/v2\/pages"}],"about":[{"href":"https:\/\/miomucho.nl\/de\/wp-json\/wp\/v2\/types\/page"}],"author":[{"embeddable":true,"href":"https:\/\/miomucho.nl\/de\/wp-json\/wp\/v2\/users\/1"}],"replies":[{"embeddable":true,"href":"https:\/\/miomucho.nl\/de\/wp-json\/wp\/v2\/comments?post=3520"}],"version-history":[{"count":6,"href":"https:\/\/miomucho.nl\/de\/wp-json\/wp\/v2\/pages\/3520\/revisions"}],"predecessor-version":[{"id":4955,"href":"https:\/\/miomucho.nl\/de\/wp-json\/wp\/v2\/pages\/3520\/revisions\/4955"}],"wp:attachment":[{"href":"https:\/\/miomucho.nl\/de\/wp-json\/wp\/v2\/media?parent=3520"}],"curies":[{"name":"wp","href":"https:\/\/api.w.org\/{rel}","templated":true}]}}