{"id":3489,"date":"2022-10-09T14:24:37","date_gmt":"2022-10-09T14:24:37","guid":{"rendered":"https:\/\/miomucho.nl\/reservieren\/"},"modified":"2026-03-06T13:31:33","modified_gmt":"2026-03-06T13:31:33","slug":"reservieren","status":"publish","type":"page","link":"https:\/\/miomucho.nl\/de\/reservieren\/","title":{"rendered":"Reservieren"},"content":{"rendered":"<div class=\"wpb-content-wrapper\"><p>[vc_row][vc_column width=&#8220;2\/3&#8243;][vc_column_text css=&#8220;&#8220;]<\/p>\n<h1>Reservieren<\/h1>\n<p>[\/vc_column_text][vc_empty_space height=&#8220;16px&#8220;][vc_column_text css=&#8220;&#8220;]<strong data-start=\"80\" data-end=\"162\">Reservieren Sie Ihren Tisch bei Mio Mucho \u2013 schnell, einfach und online<\/strong><br data-start=\"162\" data-end=\"165\" \/>Erleben Sie einen kulinarischen Abend im Mio Mucho. <a href=\"https:\/\/miomucho.nl\/de\/reservieren\/\" target=\"_blank\" rel=\"noopener\">Reservieren<\/a> Sie jetzt online und sichern Sie sich einen Tisch in unserem stimmungsvollen Restaurant. Ob f\u00fcr ein romantisches Dinner, ein gem\u00fctliches Mittagessen oder ein gesch\u00e4ftliches Treffen \u2013 wir hei\u00dfen Sie herzlich willkommen. Reservieren Sie noch heute!<\/p>\n<p>Wenn Sie bei Ihrer Reservierung einen Tischwunsch angegeben haben, werden wir unser Bestes tun, um diesem nachzukommen.<br \/>\nWir k\u00f6nnen dies jedoch nicht zu 100 % garantieren.[\/vc_column_text][vc_empty_space height=&#8220;16px&#8220;]<a href=\"https:\/\/guestplan.io\/?i=680eed8c5338d4df47ba01a9d7445fa05a5b91bd\" class=\"btn-shortcode dt-btn-s dt-btn default-btn-color default-btn-hover-color default-btn-bg-color default-btn-bg-hover-color\" target=\"_blank\" id=\"dt-btn-1\" rel=\"noopener\"><span>Reservieren<\/span><\/a>[vc_empty_space height=&#8220;16px&#8220;][\/vc_column][vc_column width=&#8220;1\/3&#8243; css=&#8220;.vc_custom_1670327664305{padding-top: 10px !important;padding-bottom: 10px !important;}&#8220;]<style type=\"text\/css\" data-type=\"the7_shortcodes-inline-css\">.shortcode-single-image-wrap.shortcode-single-image-5de2208eddadcd57b5afd0457070db3d.enable-bg-rollover .rollover i,\n.shortcode-single-image-wrap.shortcode-single-image-5de2208eddadcd57b5afd0457070db3d.enable-bg-rollover .rollover-video i {\n  background: -webkit-linear-gradient();\n  background: linear-gradient();\n}\n.shortcode-single-image-wrap.shortcode-single-image-5de2208eddadcd57b5afd0457070db3d .rollover-icon {\n  font-size: 32px;\n  color: #ffffff;\n  min-width: 44px;\n  min-height: 44px;\n  line-height: 44px;\n  border-radius: 100px;\n  border-style: solid;\n  border-width: 0px;\n}\n.dt-icon-bg-on.shortcode-single-image-wrap.shortcode-single-image-5de2208eddadcd57b5afd0457070db3d .rollover-icon {\n  background: rgba(255,255,255,0.3);\n  box-shadow: none;\n}<\/style><div class=\"shortcode-single-image-wrap shortcode-single-image-5de2208eddadcd57b5afd0457070db3d alignnone  vc_custom_1747490323051 enable-bg-rollover dt-icon-bg-off\" ><div class=\"shortcode-single-image\"><div class=\"fancy-media-wrap\" style=\"\"><img loading=\"lazy\" decoding=\"async\" class=\"preload-me aspect\" src=\"https:\/\/miomucho.nl\/wp-content\/uploads\/2025\/05\/SPARK_20220811_1358_LEUKERMEER_2012-e1747495882167-500x333.jpg\" srcset=\"https:\/\/miomucho.nl\/wp-content\/uploads\/2025\/05\/SPARK_20220811_1358_LEUKERMEER_2012-e1747495882167-500x333.jpg 500w, https:\/\/miomucho.nl\/wp-content\/uploads\/2025\/05\/SPARK_20220811_1358_LEUKERMEER_2012-e1747495882167.jpg 800w\" sizes=\"auto, (max-width: 500px) 100vw, 500px\" width=\"500\" height=\"333\"  data-dt-location=\"https:\/\/miomucho.nl\/de\/home\/spark_20220811_1358_leukermeer_2012-2\/\" style=\"--ratio: 500 \/ 333;\" alt=\"Mio Mucho terras\" \/><\/div><\/div><\/div>[vc_empty_space height=&#8220;16px&#8220;]<style type=\"text\/css\" data-type=\"the7_shortcodes-inline-css\">.shortcode-single-image-wrap.shortcode-single-image-39e5f347d93541983c734efbad0f3155.enable-bg-rollover .rollover i,\n.shortcode-single-image-wrap.shortcode-single-image-39e5f347d93541983c734efbad0f3155.enable-bg-rollover .rollover-video i {\n  background: -webkit-linear-gradient();\n  background: linear-gradient();\n}\n.shortcode-single-image-wrap.shortcode-single-image-39e5f347d93541983c734efbad0f3155 .rollover-icon {\n  font-size: 32px;\n  color: #ffffff;\n  min-width: 44px;\n  min-height: 44px;\n  line-height: 44px;\n  border-radius: 100px;\n  border-style: solid;\n  border-width: 0px;\n}\n.dt-icon-bg-on.shortcode-single-image-wrap.shortcode-single-image-39e5f347d93541983c734efbad0f3155 .rollover-icon {\n  background: rgba(255,255,255,0.3);\n  box-shadow: none;\n}<\/style><div class=\"shortcode-single-image-wrap shortcode-single-image-39e5f347d93541983c734efbad0f3155 alignnone  vc_custom_1747490335873 enable-bg-rollover dt-icon-bg-off\" ><div class=\"shortcode-single-image\"><div class=\"fancy-media-wrap\" style=\"\"><img loading=\"lazy\" decoding=\"async\" class=\"preload-me aspect\" src=\"https:\/\/miomucho.nl\/wp-content\/uploads\/2025\/05\/WhatsApp-Image-2025-05-17-at-14.56.21-4-500x333.jpeg\" srcset=\"https:\/\/miomucho.nl\/wp-content\/uploads\/2025\/05\/WhatsApp-Image-2025-05-17-at-14.56.21-4-500x333.jpeg 500w, https:\/\/miomucho.nl\/wp-content\/uploads\/2025\/05\/WhatsApp-Image-2025-05-17-at-14.56.21-4-1000x666.jpeg 1000w\" sizes=\"auto, (max-width: 500px) 100vw, 500px\" width=\"500\" height=\"333\"  data-dt-location=\"https:\/\/miomucho.nl\/de\/reservieren\/whatsapp-image-2025-05-17-at-14-56-21-4-2\/\" style=\"--ratio: 500 \/ 333;\" alt=\"\" \/><\/div><\/div><\/div>[\/vc_column][\/vc_row]<\/p>\n<\/div>","protected":false},"excerpt":{"rendered":"<p>[vc_row][vc_column width=&#8220;2\/3&#8243;][vc_column_text css=&#8220;&#8220;] Reservieren [\/vc_column_text][vc_empty_space height=&#8220;16px&#8220;][vc_column_text css=&#8220;&#8220;]Reservieren Sie Ihren Tisch bei Mio Mucho \u2013 schnell, einfach und onlineErleben Sie einen kulinarischen Abend im Mio Mucho. Reservieren Sie jetzt online und sichern Sie sich einen Tisch in unserem stimmungsvollen Restaurant. Ob f\u00fcr ein romantisches Dinner, ein gem\u00fctliches Mittagessen oder ein gesch\u00e4ftliches Treffen \u2013 wir hei\u00dfen Sie&hellip;<\/p>\n","protected":false},"author":1,"featured_media":0,"parent":0,"menu_order":0,"comment_status":"closed","ping_status":"closed","template":"","meta":{"footnotes":""},"class_list":["post-3489","page","type-page","status-publish","hentry","description-off"],"yoast_head":"<!-- This site is optimized with the Yoast SEO plugin v27.5 - https:\/\/yoast.com\/product\/yoast-seo-wordpress\/ -->\n<title>Mio Mucho - Reservieren<\/title>\n<meta name=\"description\" content=\"Online Tisch reservieren bei Mio Mucho \u2013 ideal f\u00fcr Mittagessen, Abendessen oder Gesch\u00e4ftstreffen. Genuss in stilvollem Ambiente.\" \/>\n<meta name=\"robots\" content=\"index, follow, max-snippet:-1, max-image-preview:large, max-video-preview:-1\" \/>\n<link rel=\"canonical\" href=\"https:\/\/miomucho.nl\/de\/reservieren\/\" \/>\n<meta property=\"og:locale\" content=\"de_DE\" \/>\n<meta property=\"og:type\" content=\"article\" \/>\n<meta property=\"og:title\" content=\"Mio Mucho - Reservieren\" \/>\n<meta property=\"og:description\" content=\"Online Tisch reservieren bei Mio Mucho \u2013 ideal f\u00fcr Mittagessen, Abendessen oder Gesch\u00e4ftstreffen. Genuss in stilvollem Ambiente.\" \/>\n<meta property=\"og:url\" content=\"https:\/\/miomucho.nl\/de\/reservieren\/\" \/>\n<meta property=\"og:site_name\" content=\"Mio Mucho - Restaurant &amp; terras\" \/>\n<meta property=\"article:modified_time\" content=\"2026-03-06T13:31:33+00:00\" \/>\n<meta name=\"twitter:card\" content=\"summary_large_image\" \/>\n<meta name=\"twitter:label1\" content=\"Gesch\u00e4tzte Lesezeit\" \/>\n\t<meta name=\"twitter:data1\" content=\"1\u00a0Minute\" \/>\n<script type=\"application\/ld+json\" class=\"yoast-schema-graph\">{\"@context\":\"https:\\\/\\\/schema.org\",\"@graph\":[{\"@type\":\"WebPage\",\"@id\":\"https:\\\/\\\/miomucho.nl\\\/de\\\/reservieren\\\/\",\"url\":\"https:\\\/\\\/miomucho.nl\\\/de\\\/reservieren\\\/\",\"name\":\"Mio Mucho - Reservieren\",\"isPartOf\":{\"@id\":\"https:\\\/\\\/miomucho.nl\\\/#website\"},\"datePublished\":\"2022-10-09T14:24:37+00:00\",\"dateModified\":\"2026-03-06T13:31:33+00:00\",\"description\":\"Online Tisch reservieren bei Mio Mucho \u2013 ideal f\u00fcr Mittagessen, Abendessen oder Gesch\u00e4ftstreffen. Genuss in stilvollem Ambiente.\",\"breadcrumb\":{\"@id\":\"https:\\\/\\\/miomucho.nl\\\/de\\\/reservieren\\\/#breadcrumb\"},\"inLanguage\":\"de\",\"potentialAction\":[{\"@type\":\"ReadAction\",\"target\":[\"https:\\\/\\\/miomucho.nl\\\/de\\\/reservieren\\\/\"]}]},{\"@type\":\"BreadcrumbList\",\"@id\":\"https:\\\/\\\/miomucho.nl\\\/de\\\/reservieren\\\/#breadcrumb\",\"itemListElement\":[{\"@type\":\"ListItem\",\"position\":1,\"name\":\"Home\",\"item\":\"https:\\\/\\\/miomucho.nl\\\/de\\\/\"},{\"@type\":\"ListItem\",\"position\":2,\"name\":\"Reservieren\"}]},{\"@type\":\"WebSite\",\"@id\":\"https:\\\/\\\/miomucho.nl\\\/#website\",\"url\":\"https:\\\/\\\/miomucho.nl\\\/\",\"name\":\"Mio Mucho - Restaurant &amp; terras\",\"description\":\"Genieten aan het Leukermeer\",\"potentialAction\":[{\"@type\":\"SearchAction\",\"target\":{\"@type\":\"EntryPoint\",\"urlTemplate\":\"https:\\\/\\\/miomucho.nl\\\/?s={search_term_string}\"},\"query-input\":{\"@type\":\"PropertyValueSpecification\",\"valueRequired\":true,\"valueName\":\"search_term_string\"}}],\"inLanguage\":\"de\"}]}<\/script>\n<!-- \/ Yoast SEO plugin. -->","yoast_head_json":{"title":"Mio Mucho - Reservieren","description":"Online Tisch reservieren bei Mio Mucho \u2013 ideal f\u00fcr Mittagessen, Abendessen oder Gesch\u00e4ftstreffen. Genuss in stilvollem Ambiente.","robots":{"index":"index","follow":"follow","max-snippet":"max-snippet:-1","max-image-preview":"max-image-preview:large","max-video-preview":"max-video-preview:-1"},"canonical":"https:\/\/miomucho.nl\/de\/reservieren\/","og_locale":"de_DE","og_type":"article","og_title":"Mio Mucho - Reservieren","og_description":"Online Tisch reservieren bei Mio Mucho \u2013 ideal f\u00fcr Mittagessen, Abendessen oder Gesch\u00e4ftstreffen. Genuss in stilvollem Ambiente.","og_url":"https:\/\/miomucho.nl\/de\/reservieren\/","og_site_name":"Mio Mucho - Restaurant &amp; terras","article_modified_time":"2026-03-06T13:31:33+00:00","twitter_card":"summary_large_image","twitter_misc":{"Gesch\u00e4tzte Lesezeit":"1\u00a0Minute"},"schema":{"@context":"https:\/\/schema.org","@graph":[{"@type":"WebPage","@id":"https:\/\/miomucho.nl\/de\/reservieren\/","url":"https:\/\/miomucho.nl\/de\/reservieren\/","name":"Mio Mucho - Reservieren","isPartOf":{"@id":"https:\/\/miomucho.nl\/#website"},"datePublished":"2022-10-09T14:24:37+00:00","dateModified":"2026-03-06T13:31:33+00:00","description":"Online Tisch reservieren bei Mio Mucho \u2013 ideal f\u00fcr Mittagessen, Abendessen oder Gesch\u00e4ftstreffen. Genuss in stilvollem Ambiente.","breadcrumb":{"@id":"https:\/\/miomucho.nl\/de\/reservieren\/#breadcrumb"},"inLanguage":"de","potentialAction":[{"@type":"ReadAction","target":["https:\/\/miomucho.nl\/de\/reservieren\/"]}]},{"@type":"BreadcrumbList","@id":"https:\/\/miomucho.nl\/de\/reservieren\/#breadcrumb","itemListElement":[{"@type":"ListItem","position":1,"name":"Home","item":"https:\/\/miomucho.nl\/de\/"},{"@type":"ListItem","position":2,"name":"Reservieren"}]},{"@type":"WebSite","@id":"https:\/\/miomucho.nl\/#website","url":"https:\/\/miomucho.nl\/","name":"Mio Mucho - Restaurant &amp; terras","description":"Genieten aan het Leukermeer","potentialAction":[{"@type":"SearchAction","target":{"@type":"EntryPoint","urlTemplate":"https:\/\/miomucho.nl\/?s={search_term_string}"},"query-input":{"@type":"PropertyValueSpecification","valueRequired":true,"valueName":"search_term_string"}}],"inLanguage":"de"}]}},"_links":{"self":[{"href":"https:\/\/miomucho.nl\/de\/wp-json\/wp\/v2\/pages\/3489","targetHints":{"allow":["GET"]}}],"collection":[{"href":"https:\/\/miomucho.nl\/de\/wp-json\/wp\/v2\/pages"}],"about":[{"href":"https:\/\/miomucho.nl\/de\/wp-json\/wp\/v2\/types\/page"}],"author":[{"embeddable":true,"href":"https:\/\/miomucho.nl\/de\/wp-json\/wp\/v2\/users\/1"}],"replies":[{"embeddable":true,"href":"https:\/\/miomucho.nl\/de\/wp-json\/wp\/v2\/comments?post=3489"}],"version-history":[{"count":11,"href":"https:\/\/miomucho.nl\/de\/wp-json\/wp\/v2\/pages\/3489\/revisions"}],"predecessor-version":[{"id":5161,"href":"https:\/\/miomucho.nl\/de\/wp-json\/wp\/v2\/pages\/3489\/revisions\/5161"}],"wp:attachment":[{"href":"https:\/\/miomucho.nl\/de\/wp-json\/wp\/v2\/media?parent=3489"}],"curies":[{"name":"wp","href":"https:\/\/api.w.org\/{rel}","templated":true}]}}