{"id":3480,"date":"2022-09-20T18:40:25","date_gmt":"2022-09-20T18:40:25","guid":{"rendered":"https:\/\/miomucho.nl\/home\/"},"modified":"2026-02-11T12:12:01","modified_gmt":"2026-02-11T12:12:01","slug":"home","status":"publish","type":"page","link":"https:\/\/miomucho.nl\/de\/","title":{"rendered":"Home"},"content":{"rendered":"<div class=\"wpb-content-wrapper\"><p>[vc_row css=&#8220;.vc_custom_1747386207531{margin-bottom: 30px !important;}&#8220;][vc_column]<div id=\"ultimate-heading-120969f20907191f8\" class=\"uvc-heading ult-adjust-bottom-margin ultimate-heading-120969f20907191f8 uvc-8643 \" data-hspacer=\"line_only\"  data-halign=\"center\" style=\"text-align:center\"><div class=\"uvc-main-heading ult-responsive\"  data-ultimate-target='.uvc-heading.ultimate-heading-120969f20907191f8 h1'  data-responsive-json-new='{\"font-size\":\"desktop:40px;\",\"line-height\":\"\"}' ><h1 style=\"font-weight:bold;color:#000000;margin-bottom:20px;\">Mio Mucho<\/h1><\/div><div class=\"uvc-sub-heading ult-responsive\"  data-ultimate-target='.uvc-heading.ultimate-heading-120969f20907191f8 .uvc-sub-heading '  data-responsive-json-new='{\"font-size\":\"desktop:30px;\",\"line-height\":\"\"}'  style=\"font-weight:normal;color:#000000;margin-bottom:20px;\">Kulinarische Perfektion am Leukermeer<\/div><div class=\"uvc-heading-spacer line_only\" style=\"margin-bottom:20px;height:0.5px;\"><span class=\"uvc-headings-line\" style=\"border-style:solid;border-bottom-width:0.5px;border-color:#bc822b;width:100px;\"><\/span><\/div><\/div>[vc_empty_space height=&#8220;16px&#8220;][vc_column_text css=&#8220;&#8220;]<\/p>\n<p style=\"text-align: center;\">Willkommen im Mio Mucho, einem attraktiven Restaurant und einer Brasserie in Well, im Herzen von Nord-Limburg, direkt am Ufer des sch\u00f6nen Leukersees gelegen. Hier verbinden sich kulinarische Erlebnisse, handwerkliche Gerichte und ein Panoramablick \u00fcber das Wasser zu einem einzigartigen Erlebnis.<\/p>\n<p>[\/vc_column_text][\/vc_column][\/vc_row][vc_row full_width=&#8220;stretch_row_content&#8220; equal_height=&#8220;yes&#8220; content_placement=&#8220;top&#8220;][vc_column width=&#8220;1\/2&#8243; css=&#8220;.vc_custom_1747384549927{background-color: #5B3D11 !important;}&#8220;][vc_row_inner content_placement=&#8220;middle&#8220;][vc_column_inner css=&#8220;.vc_custom_1747384108648{padding-top: 5% !important;padding-right: 5% !important;padding-bottom: 5% !important;padding-left: 5% !important;}&#8220;]<div id=\"ultimate-heading-43769f209071926f\" class=\"uvc-heading ult-adjust-bottom-margin ultimate-heading-43769f209071926f uvc-753 \" data-hspacer=\"no_spacer\"  data-halign=\"left\" style=\"text-align:left\"><div class=\"uvc-heading-spacer no_spacer\" style=\"top\"><\/div><div class=\"uvc-main-heading ult-responsive\"  data-ultimate-target='.uvc-heading.ultimate-heading-43769f209071926f h2'  data-responsive-json-new='{\"font-size\":\"desktop:40px;\",\"line-height\":\"\"}' ><h2 style=\"font-weight:bold;color:#FFFFFF;margin-bottom:20px;\">Mittagessen und Abendessen<\/h2><\/div><\/div>[vc_column_text css=&#8220;&#8220; el_class=&#8220;mio1&#8243;]Im Mio Mucho k\u00f6nnen Sie ein k\u00f6stliches Mittagessen am Wasser, ein leckeres Abendessen bei Sonnenuntergang oder einen entspannten Drink mit Freunden genie\u00dfen. Unsere <a href=\"https:\/\/miomucho.nl\/de\/speisekarte\/\">Speisekarte<\/a> bietet eine gro\u00dfe Auswahl an Fleisch- und Fischgerichten vom Grill, die mit tagesfrischen Zutaten und viel Liebe zum Beruf zubereitet werden. Jeder Bissen ist eine Entdeckung der reinen Aromen und raffinierten Kombinationen. Nehmen Sie Platz auf unserer ger\u00e4umigen und sonnigen Terrasse mit Blick auf den Leukersee und inmitten der Natur. Ob Sie an einem Sommertag nach einem Spaziergang oder einer Radtour oder am Abend f\u00fcr ein romantisches Abendessen kommen, Sie sind bei Mio Mucho immer willkommen.[\/vc_column_text][\/vc_column_inner][\/vc_row_inner][\/vc_column][vc_column width=&#8220;1\/2&#8243; css=&#8220;.vc_custom_1747496064111{background-image: url(https:\/\/miomucho.nl\/wp-content\/uploads\/2025\/05\/SPARK_20220811_1358_LEUKERMEER_2012-e1747495882167.jpg?id=4731) !important;}&#8220;][\/vc_column][\/vc_row][vc_row full_width=&#8220;stretch_row_content&#8220; equal_height=&#8220;yes&#8220; content_placement=&#8220;middle&#8220;][vc_column width=&#8220;1\/2&#8243; css=&#8220;.vc_custom_1747388487431{background: #5B3D1100 url(https:\/\/miomucho.nl\/wp-content\/uploads\/2025\/05\/MioMucho-pand-1.jpg?id=4794) !important;}&#8220;][\/vc_column][vc_column width=&#8220;1\/2&#8243; css=&#8220;.vc_custom_1747385249695{background-color: #E6E6E6 !important;}&#8220;][vc_row_inner][vc_column_inner css=&#8220;.vc_custom_1747386345970{padding-top: 5% !important;padding-right: 5% !important;padding-bottom: 5% !important;padding-left: 5% !important;}&#8220;]<div id=\"ultimate-heading-60269f20907192ae\" class=\"uvc-heading ult-adjust-bottom-margin ultimate-heading-60269f20907192ae uvc-6322 \" data-hspacer=\"no_spacer\"  data-halign=\"left\" style=\"text-align:left\"><div class=\"uvc-heading-spacer no_spacer\" style=\"top\"><\/div><div class=\"uvc-main-heading ult-responsive\"  data-ultimate-target='.uvc-heading.ultimate-heading-60269f20907192ae h2'  data-responsive-json-new='{\"font-size\":\"desktop:40px;\",\"line-height\":\"\"}' ><h2 style=\"font-weight:bold;color:#000000;margin-bottom:20px;\">Kulinarischer Hotspot<\/h2><\/div><\/div>[vc_empty_space height=&#8220;16px&#8220;][vc_column_text css=&#8220;&#8220;]Unsere <a href=\"https:\/\/miomucho.nl\/de\/mio-mucho\/\">Brasserie<\/a> ist bekannt f\u00fcr ihre herzliche Gastfreundschaft, ihre stilvolle Atmosph\u00e4re und ihre gleichbleibende Qualit\u00e4t. Nicht umsonst sind wir seit Jahren ein beliebtes Ziel f\u00fcr Einheimische und Touristen auf der Suche nach einem besonderen Restaurant am Wasser in Nordlimburg.<\/p>\n<p>Kommen Sie vorbei und entdecken Sie selbst, warum Mio Mucho der kulinarische Hotspot in Well ist. <a href=\"https:\/\/miomucho.nl\/de\/reservieren\/\">Buchen<\/a> Sie einfach online und erleben Sie einen unvergesslichen Nachmittag oder Abend am sch\u00f6nen Leukermeer.[\/vc_column_text][\/vc_column_inner][\/vc_row_inner][\/vc_column][\/vc_row][vc_row full_width=&#8220;stretch_row&#8220; css=&#8220;.vc_custom_1747384455595{margin-top: 50px !important;}&#8220;][vc_column width=&#8220;1\/3&#8243;]<style type=\"text\/css\" data-type=\"the7_shortcodes-inline-css\">.shortcode-single-image-wrap.shortcode-single-image-1d304001de3b976fbc99d6e92888315f.enable-bg-rollover .rollover i,\n.shortcode-single-image-wrap.shortcode-single-image-1d304001de3b976fbc99d6e92888315f.enable-bg-rollover .rollover-video i {\n  background: -webkit-linear-gradient();\n  background: linear-gradient();\n}\n.shortcode-single-image-wrap.shortcode-single-image-1d304001de3b976fbc99d6e92888315f .rollover-icon {\n  font-size: 32px;\n  color: #ffffff;\n  min-width: 44px;\n  min-height: 44px;\n  line-height: 44px;\n  border-radius: 100px;\n  border-style: solid;\n  border-width: 0px;\n}\n.dt-icon-bg-on.shortcode-single-image-wrap.shortcode-single-image-1d304001de3b976fbc99d6e92888315f .rollover-icon {\n  background: rgba(255,255,255,0.3);\n  box-shadow: none;\n}<\/style><div class=\"shortcode-single-image-wrap shortcode-single-image-1d304001de3b976fbc99d6e92888315f alignnone  enable-bg-rollover dt-icon-bg-off\" style=\"margin-top:0px; margin-bottom:0px; margin-left:0px; margin-right:0px; width:500px;\"><div class=\"shortcode-single-image\"><div class=\"fancy-media-wrap\" style=\"\"><img loading=\"lazy\" decoding=\"async\" class=\"preload-me aspect\" src=\"https:\/\/miomucho.nl\/wp-content\/uploads\/2025\/05\/SPARK_20220811_1400_LEUKERMEER_9691-500x500.jpg\" srcset=\"https:\/\/miomucho.nl\/wp-content\/uploads\/2025\/05\/SPARK_20220811_1400_LEUKERMEER_9691-500x500.jpg 500w, https:\/\/miomucho.nl\/wp-content\/uploads\/2025\/05\/SPARK_20220811_1400_LEUKERMEER_9691-1000x1000.jpg 1000w\" sizes=\"auto, (max-width: 500px) 100vw, 500px\" width=\"500\" height=\"500\"  data-dt-location=\"https:\/\/miomucho.nl\/de\/home\/spark_20220811_1400_leukermeer_9691\/\" style=\"--ratio: 500 \/ 500;\" alt=\"Mio Mucho terras\" \/><\/div><\/div><\/div>[vc_empty_space height=&#8220;16px&#8220;][vc_column_text css=&#8220;&#8220;]<\/p>\n<h2 style=\"text-align: center;\">Mittagsmen\u00fc<\/h2>\n<p class=\"\" style=\"text-align: center;\" data-start=\"293\" data-end=\"577\">G\u00f6nnen Sie sich ein k\u00f6stliches Mittagessen. Von knackigen Salaten bis hin zu handgemachten Sandwiches &#8211; schmackhaft, leicht und mit Sorgfalt zubereitet. Perfekt f\u00fcr jede Tageszeit und f\u00fcr jeden etwas.<\/p>\n<p>[\/vc_column_text]<div class=\"text-centered\"><a href=\"https:\/\/miomucho.nl\/de\/mittagsmenue\/\" class=\"btn-shortcode dt-btn-m dt-btn default-btn-color default-btn-hover-color default-btn-bg-color default-btn-bg-hover-color\" id=\"dt-btn-1\"><span>Mittagsmen\u00fc<\/span><\/a><\/div>[\/vc_column][vc_column width=&#8220;1\/3&#8243;]<style type=\"text\/css\" data-type=\"the7_shortcodes-inline-css\">.shortcode-single-image-wrap.shortcode-single-image-ef83cc3c440458290ccc3e07202438fa.enable-bg-rollover .rollover i,\n.shortcode-single-image-wrap.shortcode-single-image-ef83cc3c440458290ccc3e07202438fa.enable-bg-rollover .rollover-video i {\n  background: -webkit-linear-gradient();\n  background: linear-gradient();\n}\n.shortcode-single-image-wrap.shortcode-single-image-ef83cc3c440458290ccc3e07202438fa .rollover-icon {\n  font-size: 32px;\n  color: #ffffff;\n  min-width: 44px;\n  min-height: 44px;\n  line-height: 44px;\n  border-radius: 100px;\n  border-style: solid;\n  border-width: 0px;\n}\n.dt-icon-bg-on.shortcode-single-image-wrap.shortcode-single-image-ef83cc3c440458290ccc3e07202438fa .rollover-icon {\n  background: rgba(255,255,255,0.3);\n  box-shadow: none;\n}<\/style><div class=\"shortcode-single-image-wrap shortcode-single-image-ef83cc3c440458290ccc3e07202438fa alignnone  enable-bg-rollover dt-icon-bg-off\" style=\"margin-top:0px; margin-bottom:0px; margin-left:0px; margin-right:0px; width:500px;\"><div class=\"shortcode-single-image\"><div class=\"fancy-media-wrap\" style=\"\"><img loading=\"lazy\" decoding=\"async\" class=\"preload-me aspect\" src=\"https:\/\/miomucho.nl\/wp-content\/uploads\/2025\/05\/Vakje_MioMucho_reserveren-500x500.png\" srcset=\"https:\/\/miomucho.nl\/wp-content\/uploads\/2025\/05\/Vakje_MioMucho_reserveren-500x500.png 500w, https:\/\/miomucho.nl\/wp-content\/uploads\/2025\/05\/Vakje_MioMucho_reserveren-667x667.png 667w\" sizes=\"auto, (max-width: 500px) 100vw, 500px\" width=\"500\" height=\"500\"  data-dt-location=\"https:\/\/miomucho.nl\/de\/home\/vakje_miomucho_reserveren\/\" style=\"--ratio: 500 \/ 500;\" alt=\"\" \/><\/div><\/div><\/div>[vc_empty_space height=&#8220;16px&#8220;][vc_column_text css=&#8220;&#8220;]<\/p>\n<h2 style=\"text-align: center;\">Speisekarte<\/h2>\n<p class=\"\" style=\"text-align: center;\" data-start=\"293\" data-end=\"577\">Genie\u00dfen Sie ein Abendessen mit raffinierten Gerichten, die mit Leidenschaft im Josper-Ofen frisch zubereitet werden. Entdecken Sie leckere Vorspeisen, Hauptgerichte und verf\u00fchrerische Desserts. Ein kulinarisches Erlebnis.<\/p>\n<p>[\/vc_column_text]<div class=\"text-centered\"><a href=\"https:\/\/miomucho.nl\/de\/speisekarte\/\" class=\"btn-shortcode dt-btn-m dt-btn default-btn-color default-btn-hover-color default-btn-bg-color default-btn-bg-hover-color\" id=\"dt-btn-2\"><span>Speisekarte<\/span><\/a><\/div>[\/vc_column][vc_column width=&#8220;1\/3&#8243;]<style type=\"text\/css\" data-type=\"the7_shortcodes-inline-css\">.shortcode-single-image-wrap.shortcode-single-image-72989ec9edd3a15120db4cacca447f41.enable-bg-rollover .rollover i,\n.shortcode-single-image-wrap.shortcode-single-image-72989ec9edd3a15120db4cacca447f41.enable-bg-rollover .rollover-video i {\n  background: -webkit-linear-gradient();\n  background: linear-gradient();\n}\n.shortcode-single-image-wrap.shortcode-single-image-72989ec9edd3a15120db4cacca447f41 .rollover-icon {\n  font-size: 32px;\n  color: #ffffff;\n  min-width: 44px;\n  min-height: 44px;\n  line-height: 44px;\n  border-radius: 100px;\n  border-style: solid;\n  border-width: 0px;\n}\n.dt-icon-bg-on.shortcode-single-image-wrap.shortcode-single-image-72989ec9edd3a15120db4cacca447f41 .rollover-icon {\n  background: rgba(255,255,255,0.3);\n  box-shadow: none;\n}<\/style><div class=\"shortcode-single-image-wrap shortcode-single-image-72989ec9edd3a15120db4cacca447f41 alignnone  enable-bg-rollover dt-icon-bg-off\" style=\"margin-top:0px; margin-bottom:0px; margin-left:0px; margin-right:0px; width:500px;\"><div class=\"shortcode-single-image\"><div class=\"fancy-media-wrap\" style=\"\"><img loading=\"lazy\" decoding=\"async\" class=\"preload-me aspect\" src=\"https:\/\/miomucho.nl\/wp-content\/uploads\/2022\/12\/2-SPARK_20221227_1718_Leukermeer_1957-500x500.jpg\" srcset=\"https:\/\/miomucho.nl\/wp-content\/uploads\/2022\/12\/2-SPARK_20221227_1718_Leukermeer_1957-500x500.jpg 500w, https:\/\/miomucho.nl\/wp-content\/uploads\/2022\/12\/2-SPARK_20221227_1718_Leukermeer_1957-1000x1000.jpg 1000w\" sizes=\"auto, (max-width: 500px) 100vw, 500px\" width=\"500\" height=\"500\"  data-dt-location=\"https:\/\/miomucho.nl\/de\/2-spark_20221227_1718_leukermeer_1957-2\/\" style=\"--ratio: 500 \/ 500;\" alt=\"\" \/><\/div><\/div><\/div>[vc_empty_space height=&#8220;16px&#8220;][vc_column_text css=&#8220;&#8220;]<\/p>\n<h2 style=\"text-align: center;\">Getr\u00e4nkekarte<\/h2>\n<p class=\"\" style=\"text-align: center;\" data-start=\"293\" data-end=\"577\">Entdecken Sie unsere sorgf\u00e4ltig ausgew\u00e4hlte Getr\u00e4nkekarte: von frischen S\u00e4ften und reichhaltigen Kaffees bis hin zu raffinierten Weinen und \u00fcberraschenden Cocktails. Ein Moment des Genusses f\u00fcr jeden Moment.<\/p>\n<p>[\/vc_column_text]<div class=\"text-centered\"><a href=\"https:\/\/miomucho.nl\/de\/getraenkekarte\/\" class=\"btn-shortcode dt-btn-m dt-btn default-btn-color default-btn-hover-color default-btn-bg-color default-btn-bg-hover-color\" id=\"dt-btn-3\"><span>Getr\u00e4nkekarte<\/span><\/a><\/div>[\/vc_column][\/vc_row][vc_row full_width=&#8220;stretch_row_content_no_spaces&#8220; css=&#8220;.vc_custom_1747489247539{margin-top: 20px !important;}&#8220;][vc_column][vc_raw_html css=&#8220;&#8220;]JTNDaWZyYW1lJTIwc3JjJTNEJTIyaHR0cHMlM0ElMkYlMkZ3d3cuZ29vZ2xlLmNvbSUyRm1hcHMlMkZlbWJlZCUzRnBiJTNEJTIxMW0xOCUyMTFtMTIlMjExbTMlMjExZDI0NzkuODU0NjY1NDQyNTkzNiUyMTJkNi4wNTI4MjE4NzY0NzM5NTYlMjEzZDUxLjU3MDg5Nzc3MTgyNzc4JTIxMm0zJTIxMWYwJTIxMmYwJTIxM2YwJTIxM20yJTIxMWkxMDI0JTIxMmk3NjglMjE0ZjEzLjElMjEzbTMlMjExbTIlMjExczB4NDdjNzZiYjM1ZGZkOTJjYiUyNTNBMHg2ZmI2MGJiNTA4YTU5NWE1JTIxMnNEZSUyNTIwS2FtcCUyNTIwMSUyNTJDJTI1MjA1ODU1JTI1MjBFRyUyNTIwV2VsbCUyMTVlMCUyMTNtMiUyMTFzbmwlMjEyc25sJTIxNHYxNzQ3NDg4NTU4NTYwJTIxNW0yJTIxMXNubCUyMTJzbmwlMjIlMjB3aWR0aCUzRCUyMjEwMCUyNSUyMiUyMGhlaWdodCUzRCUyMjM1MCUyMiUyMHN0eWxlJTNEJTIyYm9yZGVyJTNBMCUzQiUyMiUyMGFsbG93ZnVsbHNjcmVlbiUzRCUyMiUyMiUyMGxvYWRpbmclM0QlMjJsYXp5JTIyJTIwcmVmZXJyZXJwb2xpY3klM0QlMjJuby1yZWZlcnJlci13aGVuLWRvd25ncmFkZSUyMiUzRSUzQyUyRmlmcmFtZSUzRQ==[\/vc_raw_html][\/vc_column][\/vc_row]<\/p>\n<\/div>","protected":false},"excerpt":{"rendered":"<p>[vc_row css=&#8220;.vc_custom_1747386207531{margin-bottom: 30px !important;}&#8220;][vc_column][vc_empty_space height=&#8220;16px&#8220;][vc_column_text css=&#8220;&#8220;] Willkommen im Mio Mucho, einem attraktiven Restaurant und einer Brasserie in Well, im Herzen von Nord-Limburg, direkt am Ufer des sch\u00f6nen Leukersees gelegen. Hier verbinden sich kulinarische Erlebnisse, handwerkliche Gerichte und ein Panoramablick \u00fcber das Wasser zu einem einzigartigen Erlebnis. [\/vc_column_text][\/vc_column][\/vc_row][vc_row full_width=&#8220;stretch_row_content&#8220; equal_height=&#8220;yes&#8220; content_placement=&#8220;top&#8220;][vc_column width=&#8220;1\/2&#8243; css=&#8220;.vc_custom_1747384549927{background-color: #5B3D11 !important;}&#8220;][vc_row_inner content_placement=&#8220;middle&#8220;][vc_column_inner&hellip;<\/p>\n","protected":false},"author":1,"featured_media":0,"parent":0,"menu_order":0,"comment_status":"closed","ping_status":"closed","template":"","meta":{"footnotes":""},"class_list":["post-3480","page","type-page","status-publish","hentry","description-off"],"yoast_head":"<!-- This site is optimized with the Yoast SEO plugin v27.5 - https:\/\/yoast.com\/product\/yoast-seo-wordpress\/ -->\n<title>Home - Mio Mucho - Restaurant &amp; terras<\/title>\n<meta name=\"robots\" content=\"index, follow, max-snippet:-1, max-image-preview:large, max-video-preview:-1\" \/>\n<link rel=\"canonical\" href=\"https:\/\/miomucho.nl\/de\/\" \/>\n<meta property=\"og:locale\" content=\"de_DE\" \/>\n<meta property=\"og:type\" content=\"article\" \/>\n<meta property=\"og:title\" content=\"Home - Mio Mucho - Restaurant &amp; terras\" \/>\n<meta property=\"og:description\" content=\"[vc_row css=&#8220;.vc_custom_1747386207531{margin-bottom: 30px !important;}&#8220;][vc_column][vc_empty_space height=&#8220;16px&#8220;][vc_column_text css=&#8220;&#8220;] Willkommen im Mio Mucho, einem attraktiven Restaurant und einer Brasserie in Well, im Herzen von Nord-Limburg, direkt am Ufer des sch\u00f6nen Leukersees gelegen. Hier verbinden sich kulinarische Erlebnisse, handwerkliche Gerichte und ein Panoramablick \u00fcber das Wasser zu einem einzigartigen Erlebnis. [\/vc_column_text][\/vc_column][\/vc_row][vc_row full_width=&#8220;stretch_row_content&#8220; equal_height=&#8220;yes&#8220; content_placement=&#8220;top&#8220;][vc_column width=&#8220;1\/2&#8243; css=&#8220;.vc_custom_1747384549927{background-color: #5B3D11 !important;}&#8220;][vc_row_inner content_placement=&#8220;middle&#8220;][vc_column_inner&hellip;\" \/>\n<meta property=\"og:url\" content=\"https:\/\/miomucho.nl\/de\/\" \/>\n<meta property=\"og:site_name\" content=\"Mio Mucho - Restaurant &amp; terras\" \/>\n<meta property=\"article:modified_time\" content=\"2026-02-11T12:12:01+00:00\" \/>\n<meta name=\"twitter:card\" content=\"summary_large_image\" \/>\n<meta name=\"twitter:label1\" content=\"Gesch\u00e4tzte Lesezeit\" \/>\n\t<meta name=\"twitter:data1\" content=\"3\u00a0Minuten\" \/>\n<script type=\"application\/ld+json\" class=\"yoast-schema-graph\">{\"@context\":\"https:\\\/\\\/schema.org\",\"@graph\":[{\"@type\":\"WebPage\",\"@id\":\"https:\\\/\\\/miomucho.nl\\\/de\\\/\",\"url\":\"https:\\\/\\\/miomucho.nl\\\/de\\\/\",\"name\":\"Home - Mio Mucho - Restaurant &amp; terras\",\"isPartOf\":{\"@id\":\"https:\\\/\\\/miomucho.nl\\\/#website\"},\"datePublished\":\"2022-09-20T18:40:25+00:00\",\"dateModified\":\"2026-02-11T12:12:01+00:00\",\"breadcrumb\":{\"@id\":\"https:\\\/\\\/miomucho.nl\\\/de\\\/#breadcrumb\"},\"inLanguage\":\"de\",\"potentialAction\":[{\"@type\":\"ReadAction\",\"target\":[\"https:\\\/\\\/miomucho.nl\\\/de\\\/\"]}]},{\"@type\":\"BreadcrumbList\",\"@id\":\"https:\\\/\\\/miomucho.nl\\\/de\\\/#breadcrumb\",\"itemListElement\":[{\"@type\":\"ListItem\",\"position\":1,\"name\":\"Home\",\"item\":\"https:\\\/\\\/miomucho.nl\\\/de\\\/\"},{\"@type\":\"ListItem\",\"position\":2,\"name\":\"Home\"}]},{\"@type\":\"WebSite\",\"@id\":\"https:\\\/\\\/miomucho.nl\\\/#website\",\"url\":\"https:\\\/\\\/miomucho.nl\\\/\",\"name\":\"Mio Mucho - Restaurant &amp; terras\",\"description\":\"Genieten aan het Leukermeer\",\"potentialAction\":[{\"@type\":\"SearchAction\",\"target\":{\"@type\":\"EntryPoint\",\"urlTemplate\":\"https:\\\/\\\/miomucho.nl\\\/?s={search_term_string}\"},\"query-input\":{\"@type\":\"PropertyValueSpecification\",\"valueRequired\":true,\"valueName\":\"search_term_string\"}}],\"inLanguage\":\"de\"}]}<\/script>\n<!-- \/ Yoast SEO plugin. -->","yoast_head_json":{"title":"Home - Mio Mucho - Restaurant &amp; terras","robots":{"index":"index","follow":"follow","max-snippet":"max-snippet:-1","max-image-preview":"max-image-preview:large","max-video-preview":"max-video-preview:-1"},"canonical":"https:\/\/miomucho.nl\/de\/","og_locale":"de_DE","og_type":"article","og_title":"Home - Mio Mucho - Restaurant &amp; terras","og_description":"[vc_row css=&#8220;.vc_custom_1747386207531{margin-bottom: 30px !important;}&#8220;][vc_column][vc_empty_space height=&#8220;16px&#8220;][vc_column_text css=&#8220;&#8220;] Willkommen im Mio Mucho, einem attraktiven Restaurant und einer Brasserie in Well, im Herzen von Nord-Limburg, direkt am Ufer des sch\u00f6nen Leukersees gelegen. Hier verbinden sich kulinarische Erlebnisse, handwerkliche Gerichte und ein Panoramablick \u00fcber das Wasser zu einem einzigartigen Erlebnis. [\/vc_column_text][\/vc_column][\/vc_row][vc_row full_width=&#8220;stretch_row_content&#8220; equal_height=&#8220;yes&#8220; content_placement=&#8220;top&#8220;][vc_column width=&#8220;1\/2&#8243; css=&#8220;.vc_custom_1747384549927{background-color: #5B3D11 !important;}&#8220;][vc_row_inner content_placement=&#8220;middle&#8220;][vc_column_inner&hellip;","og_url":"https:\/\/miomucho.nl\/de\/","og_site_name":"Mio Mucho - Restaurant &amp; terras","article_modified_time":"2026-02-11T12:12:01+00:00","twitter_card":"summary_large_image","twitter_misc":{"Gesch\u00e4tzte Lesezeit":"3\u00a0Minuten"},"schema":{"@context":"https:\/\/schema.org","@graph":[{"@type":"WebPage","@id":"https:\/\/miomucho.nl\/de\/","url":"https:\/\/miomucho.nl\/de\/","name":"Home - Mio Mucho - Restaurant &amp; terras","isPartOf":{"@id":"https:\/\/miomucho.nl\/#website"},"datePublished":"2022-09-20T18:40:25+00:00","dateModified":"2026-02-11T12:12:01+00:00","breadcrumb":{"@id":"https:\/\/miomucho.nl\/de\/#breadcrumb"},"inLanguage":"de","potentialAction":[{"@type":"ReadAction","target":["https:\/\/miomucho.nl\/de\/"]}]},{"@type":"BreadcrumbList","@id":"https:\/\/miomucho.nl\/de\/#breadcrumb","itemListElement":[{"@type":"ListItem","position":1,"name":"Home","item":"https:\/\/miomucho.nl\/de\/"},{"@type":"ListItem","position":2,"name":"Home"}]},{"@type":"WebSite","@id":"https:\/\/miomucho.nl\/#website","url":"https:\/\/miomucho.nl\/","name":"Mio Mucho - Restaurant &amp; terras","description":"Genieten aan het Leukermeer","potentialAction":[{"@type":"SearchAction","target":{"@type":"EntryPoint","urlTemplate":"https:\/\/miomucho.nl\/?s={search_term_string}"},"query-input":{"@type":"PropertyValueSpecification","valueRequired":true,"valueName":"search_term_string"}}],"inLanguage":"de"}]}},"_links":{"self":[{"href":"https:\/\/miomucho.nl\/de\/wp-json\/wp\/v2\/pages\/3480","targetHints":{"allow":["GET"]}}],"collection":[{"href":"https:\/\/miomucho.nl\/de\/wp-json\/wp\/v2\/pages"}],"about":[{"href":"https:\/\/miomucho.nl\/de\/wp-json\/wp\/v2\/types\/page"}],"author":[{"embeddable":true,"href":"https:\/\/miomucho.nl\/de\/wp-json\/wp\/v2\/users\/1"}],"replies":[{"embeddable":true,"href":"https:\/\/miomucho.nl\/de\/wp-json\/wp\/v2\/comments?post=3480"}],"version-history":[{"count":43,"href":"https:\/\/miomucho.nl\/de\/wp-json\/wp\/v2\/pages\/3480\/revisions"}],"predecessor-version":[{"id":5125,"href":"https:\/\/miomucho.nl\/de\/wp-json\/wp\/v2\/pages\/3480\/revisions\/5125"}],"wp:attachment":[{"href":"https:\/\/miomucho.nl\/de\/wp-json\/wp\/v2\/media?parent=3480"}],"curies":[{"name":"wp","href":"https:\/\/api.w.org\/{rel}","templated":true}]}}